{"id":11328,"date":"2017-02-06T13:27:39","date_gmt":"2017-02-06T06:27:39","guid":{"rendered":"https:\/\/www.paratime.vn\/noncommercial-portraits\/"},"modified":"2022-06-29T10:44:52","modified_gmt":"2022-06-29T03:44:52","slug":"noncommercial-portraits","status":"publish","type":"page","link":"https:\/\/www.paratime.vn\/en\/pricing\/noncommercial-portraits\/","title":{"rendered":"Ch\u1ee5p \u1ea3nh ch\u00e2n dung l\u01b0u ni\u1ec7m"},"content":{"rendered":"<section class=\"l-section wpb_row height_small color_alternate\"><div class=\"l-section-h i-cf\"><div class=\"g-cols vc_row via_flex valign_middle type_default stacking_default\"><div class=\"vc_col-sm-12 wpb_column vc_column_container\"><div class=\"vc_column-inner\"><div class=\"wpb_wrapper\"><h1 class=\"w-post-elm post_title us_custom_607cd7e8 entry-title color_link_inherit\">Ch\u1ee5p \u1ea3nh ch\u00e2n dung l\u01b0u ni\u1ec7m<\/h1><\/div><\/div><\/div><\/div><\/div><\/section><section class=\"l-section wpb_row height_medium\"><div class=\"l-section-h i-cf\"><div class=\"g-cols vc_row via_flex valign_top type_default stacking_default\"><div class=\"vc_col-sm-12 wpb_column vc_column_container\"><div class=\"vc_column-inner\"><div class=\"wpb_wrapper\"><div class=\"wpb_text_column\"><div class=\"wpb_wrapper\"><p>K\u1ec3 t\u1eeb th\u00e1ng 12\/2020, Paratime Studio s\u1ebd ti\u1ebfp t\u1ee5c cung c\u1ea5p d\u1ecbch v\u1ee5 ch\u1ee5p \u1ea3nh l\u01b0u ni\u1ec7m d\u00e0nh cho c\u00e1 nh\u00e2n.<\/p>\n<\/div><\/div><div class=\"w-slider style_none fit_scaledown nav_none count_3\"><div class=\"w-slider-h\" aria-hidden=\"true\"><div class=\"royalSlider\"><div class=\"rsContent\"><a class=\"rsImg\" data-rsw=\"1440\" data-rsh=\"720\" href=\"https:\/\/www.paratime.vn\/wp-content\/uploads\/2020\/11\/paratime.vn-portraits.jpg\"><span data-alt=\"\"><\/span><\/a><\/div><div class=\"rsContent\"><a class=\"rsImg\" data-rsw=\"1440\" data-rsh=\"720\" href=\"https:\/\/www.paratime.vn\/wp-content\/uploads\/2020\/11\/paratime.vn-portrait-red-bg.jpg\"><span data-alt=\"\"><\/span><\/a><\/div><div class=\"rsContent\"><a class=\"rsImg\" data-rsw=\"1440\" data-rsh=\"720\" href=\"https:\/\/www.paratime.vn\/wp-content\/uploads\/2020\/11\/paratime.vn-portrait-pet.jpg\"><span data-alt=\"\"><\/span><\/a><\/div><\/div><img decoding=\"async\" src=\"https:\/\/www.paratime.vn\/wp-content\/uploads\/2020\/11\/paratime.vn-portraits.jpg\" width=\"1440\" height=\"720\" alt loading=\"lazy\"><\/div><div class=\"w-slider-json\" onclick='return {&quot;autoScaleSlider&quot;:true,&quot;addActiveClass&quot;:true,&quot;loop&quot;:true,&quot;fadeInLoadedSlide&quot;:false,&quot;slidesSpacing&quot;:0,&quot;imageScalePadding&quot;:0,&quot;numImagesToPreload&quot;:2,&quot;arrowsNav&quot;:true,&quot;arrowsNavAutoHide&quot;:false,&quot;transitionType&quot;:&quot;move&quot;,&quot;transitionSpeed&quot;:250,&quot;block&quot;:{&quot;moveEffect&quot;:&quot;none&quot;,&quot;speed&quot;:300},&quot;thumbs&quot;:{&quot;fitInViewport&quot;:false,&quot;firstMargin&quot;:false,&quot;spacing&quot;:4},&quot;controlNavigation&quot;:&quot;none&quot;,&quot;autoScaleSliderWidth&quot;:1440,&quot;autoScaleSliderHeight&quot;:720}'><\/div><\/div><div class=\"w-separator size_medium\"><\/div><div class=\"w-btn-wrapper align_center\"><a class=\"w-btn us-btn-style_7\" href=\"https:\/\/www.paratime.vn\/portfolio\/portraits\/\"><span class=\"w-btn-label\">Xem portfolio<\/span><\/a><\/div><div class=\"w-separator size_custom\" style=\"height:32px\"><\/div><div class=\"w-pricing style_simple items_2\"><div class=\"w-pricing-item type_default\"><div class=\"w-pricing-item-h\"><div class=\"w-pricing-item-header\"><div class=\"w-pricing-item-title\">G\u00f3i Daisy<\/div><div class=\"w-pricing-item-price\"><del style=\"font-size:20px\">2.500.000\u0111<\/del><br\/>1.900<span style=\"font-size:2rem\">.000\u0111<\/span><small>\/ng\u01b0\u1eddi<\/small><\/div><\/div><ul class=\"w-pricing-item-features\"><li class=\"w-pricing-item-feature\">06 \u1ea3nh in + b\u1ea3n m\u1ec1m \u0111\u00e3 ch\u1ec9nh s\u1eeda<\/li><li class=\"w-pricing-item-feature\">To\u00e0n b\u1ed9 \u1ea3nh \u0111\u00e3 ch\u1ee5p (200 - 300 \u1ea3nh)<\/li><li class=\"w-pricing-item-feature\">Th\u1eddi gian ch\u1ee5p: 75 ph\u00fat<\/li><li class=\"w-pricing-item-feature\">\u0110\u1ecba \u0111i\u1ec3m: Paratime Studio<\/li><\/ul><div class=\"w-pricing-item-footer\"><a class=\"w-btn us-btn-style_6\" style=\"font-size:15px\" href=\"https:\/\/www.paratime.vn\/contact\/\"><span class=\"w-btn-label\">\u0110\u0103ng k\u00ed<\/span><\/a><\/div><\/div><\/div><div class=\"w-pricing-item type_default\"><div class=\"w-pricing-item-h\"><div class=\"w-pricing-item-header\"><div class=\"w-pricing-item-title\">G\u00f3i Lily<\/div><div class=\"w-pricing-item-price\"><del style=\"font-size:20px\">3.500.000\u0111<\/del><br \/>2.900<span style=\"font-size:2rem\">.000\u0111<\/span><small>\/ng\u01b0\u1eddi<\/small><\/div><\/div><ul class=\"w-pricing-item-features\"><li class=\"w-pricing-item-feature\">15 \u1ea3nh in + b\u1ea3n m\u1ec1m \u0111\u00e3 ch\u1ec9nh s\u1eeda<\/li><li class=\"w-pricing-item-feature\">To\u00e0n b\u1ed9 \u1ea3nh \u0111\u00e3 ch\u1ee5p (400 - 500 \u1ea3nh)<\/li><li class=\"w-pricing-item-feature\">Th\u1eddi gian ch\u1ee5p: 150 ph\u00fat<\/li><li class=\"w-pricing-item-feature\">\u0110\u1ecba \u0111i\u1ec3m: Paratime Studio<\/li><\/ul><div class=\"w-pricing-item-footer\"><a class=\"w-btn us-btn-style_6\" style=\"font-size:15px\" href=\"https:\/\/www.paratime.vn\/contact\/\"><span class=\"w-btn-label\">\u0110\u0103ng k\u00ed<\/span><\/a><\/div><\/div><\/div><\/div><div class=\"w-separator size_custom\" style=\"height:20px\"><\/div><div class=\"wpb_text_column\"><div class=\"wpb_wrapper\"><ul>\n<li>\u1ea2nh in c\u1ee1 ti\u00eau chu\u1ea9n 15x21cm, ch\u01b0a bao g\u1ed3m khung.<\/li>\n<li>Kh\u00e1ch h\u00e0ng \u0111\u01b0\u1ee3c s\u1eed d\u1ee5ng \u1ea3nh cho m\u1ee5c \u0111\u00edch c\u00e1 nh\u00e2n.<br \/>\nVi\u1ec7c s\u1eed d\u1ee5ng cho ho\u1ea1t \u0111\u1ed9ng qu\u1ea3ng c\u00e1o, th\u01b0\u01a1ng m\u1ea1i c\u1ea7n \u0111\u01b0\u1ee3c tho\u1ea3 thu\u1eadn ri\u00eang.<\/li>\n<li>Kh\u00e1ch h\u00e0ng <strong>t\u1ef1 chu\u1ea9n b\u1ecb trang ph\u1ee5c v\u00e0 trang \u0111i\u1ec3m<\/strong>.<\/li>\n<li>Ng\u01b0\u1eddi th\u00e2n ch\u1ee5p c\u00f9ng: t\u1eeb +500.000\u0111\/ng\u01b0\u1eddi<\/li>\n<li>Ch\u1ec9nh s\u1eeda th\u00eam \u1ea3nh: +100.000\u0111\/\u1ea3nh.<\/li>\n<\/ul>\n<\/div><\/div><\/div><\/div><\/div><\/div><\/div><\/section><section class=\"l-section wpb_row height_large color_primary\"><div class=\"l-section-h i-cf\"><div class=\"g-cols vc_row via_flex valign_top type_default stacking_default\"><div class=\"vc_col-sm-12 wpb_column vc_column_container\"><div class=\"vc_column-inner\"><div class=\"wpb_wrapper\"><div class=\"w-actionbox color_primary controls_right\"><div class=\"w-actionbox-text\"><h2 class=\"w-actionbox-title\">B\u1ea1n th\u1ea5y \u0111\u00e3 \u0111\u1ebfn l\u00fac l\u01b0u l\u1ea1i th\u1eddi gian c\u1ee7a m\u00ecnh?<\/h2><\/div><div class=\"w-actionbox-controls\"><a class=\"w-btn us-btn-style_5\" href=\"https:\/\/www.paratime.vn\/contact\/\" style=\"font-size:18px;\"><span class=\"w-btn-label\">Li\u00ean h\u1ec7<\/span><\/a><\/div><\/div><\/div><\/div><\/div><\/div><\/div><\/section>\n","protected":false},"excerpt":{"rendered":"Ch\u1ee5p \u1ea3nh ch\u00e2n dung l\u01b0u ni\u1ec7mK\u1ec3 t\u1eeb th\u00e1ng 12\/2020, Paratime Studio s\u1ebd ti\u1ebfp t\u1ee5c cung c\u1ea5p d\u1ecbch v\u1ee5 ch\u1ee5p \u1ea3nh l\u01b0u ni\u1ec7m d\u00e0nh cho c\u00e1 nh\u00e2n. Xem portfolioG\u00f3i Daisy2.500.000\u01111.900.000\u0111\/ng\u01b0\u1eddi06 \u1ea3nh in + b\u1ea3n m\u1ec1m \u0111\u00e3 ch\u1ec9nh s\u1eedaTo\u00e0n b\u1ed9 \u1ea3nh \u0111\u00e3 ch\u1ee5p (200 - 300 \u1ea3nh)Th\u1eddi gian ch\u1ee5p: 75 ph\u00fat\u0110\u1ecba \u0111i\u1ec3m: Paratime Studio\u0110\u0103ng k\u00edG\u00f3i Lily3.500.000\u01112.900.000\u0111\/ng\u01b0\u1eddi15 \u1ea3nh...","protected":false},"author":1,"featured_media":10492,"parent":11337,"menu_order":0,"comment_status":"closed","ping_status":"closed","template":"","meta":{"jetpack_post_was_ever_published":false,"footnotes":""},"class_list":["post-11328","page","type-page","status-publish","has-post-thumbnail","hentry"],"yoast_head":"<!-- This site is optimized with the Yoast SEO plugin v27.5 - https:\/\/yoast.com\/product\/yoast-seo-wordpress\/ -->\n<title>Ch\u1ee5p \u1ea3nh ch\u00e2n dung l\u01b0u ni\u1ec7m - Paratime Studio<\/title>\n<meta name=\"description\" content=\"B\u1ea3ng gi\u00e1 d\u1ecbch v\u1ee5 \u1ea3nh ch\u00e2n dung l\u01b0u ni\u1ec7m d\u00e0nh cho c\u00e1 nh\u00e2n c\u1ee7a Paratime Studio v\u1edbi c\u00e1c m\u1ee9c chi ph\u00ed linh ho\u1ea1t.\" \/>\n<meta name=\"robots\" content=\"index, follow, max-snippet:-1, max-image-preview:large, max-video-preview:-1\" \/>\n<link rel=\"canonical\" href=\"https:\/\/www.paratime.vn\/en\/pricing\/noncommercial-portraits\/\" \/>\n<meta property=\"og:locale\" content=\"en_US\" \/>\n<meta property=\"og:type\" content=\"article\" \/>\n<meta property=\"og:title\" content=\"Ch\u1ee5p \u1ea3nh ch\u00e2n dung l\u01b0u ni\u1ec7m - Paratime Studio\" \/>\n<meta property=\"og:description\" content=\"B\u1ea3ng gi\u00e1 d\u1ecbch v\u1ee5 \u1ea3nh ch\u00e2n dung l\u01b0u ni\u1ec7m d\u00e0nh cho c\u00e1 nh\u00e2n c\u1ee7a Paratime Studio v\u1edbi c\u00e1c m\u1ee9c chi ph\u00ed linh ho\u1ea1t.\" \/>\n<meta property=\"og:url\" content=\"https:\/\/www.paratime.vn\/en\/pricing\/noncommercial-portraits\/\" \/>\n<meta property=\"og:site_name\" content=\"Paratime Studio\" \/>\n<meta property=\"article:modified_time\" content=\"2022-06-29T03:44:52+00:00\" \/>\n<meta property=\"og:image\" content=\"https:\/\/www.paratime.vn\/wp-content\/uploads\/2016\/02\/timestudio.vn-portraits-11.jpg\" \/>\n\t<meta property=\"og:image:width\" content=\"1440\" \/>\n\t<meta property=\"og:image:height\" content=\"960\" \/>\n\t<meta property=\"og:image:type\" content=\"image\/jpeg\" \/>\n<meta name=\"twitter:card\" content=\"summary_large_image\" \/>\n<meta name=\"twitter:label1\" content=\"Est. reading time\" \/>\n\t<meta name=\"twitter:data1\" content=\"3 minutes\" \/>\n<script type=\"application\/ld+json\" class=\"yoast-schema-graph\">{\"@context\":\"https:\\\/\\\/schema.org\",\"@graph\":[{\"@type\":\"WebPage\",\"@id\":\"https:\\\/\\\/www.paratime.vn\\\/en\\\/pricing\\\/noncommercial-portraits\\\/\",\"url\":\"https:\\\/\\\/www.paratime.vn\\\/en\\\/pricing\\\/noncommercial-portraits\\\/\",\"name\":\"Ch\u1ee5p \u1ea3nh ch\u00e2n dung l\u01b0u ni\u1ec7m - Paratime Studio\",\"isPartOf\":{\"@id\":\"https:\\\/\\\/www.paratime.vn\\\/en\\\/#website\"},\"primaryImageOfPage\":{\"@id\":\"https:\\\/\\\/www.paratime.vn\\\/en\\\/pricing\\\/noncommercial-portraits\\\/#primaryimage\"},\"image\":{\"@id\":\"https:\\\/\\\/www.paratime.vn\\\/en\\\/pricing\\\/noncommercial-portraits\\\/#primaryimage\"},\"thumbnailUrl\":\"https:\\\/\\\/www.paratime.vn\\\/wp-content\\\/uploads\\\/2016\\\/02\\\/timestudio.vn-portraits-11.jpg\",\"datePublished\":\"2017-02-06T06:27:39+00:00\",\"dateModified\":\"2022-06-29T03:44:52+00:00\",\"description\":\"B\u1ea3ng gi\u00e1 d\u1ecbch v\u1ee5 \u1ea3nh ch\u00e2n dung l\u01b0u ni\u1ec7m d\u00e0nh cho c\u00e1 nh\u00e2n c\u1ee7a Paratime Studio v\u1edbi c\u00e1c m\u1ee9c chi ph\u00ed linh ho\u1ea1t.\",\"breadcrumb\":{\"@id\":\"https:\\\/\\\/www.paratime.vn\\\/en\\\/pricing\\\/noncommercial-portraits\\\/#breadcrumb\"},\"inLanguage\":\"en-US\",\"potentialAction\":[{\"@type\":\"ReadAction\",\"target\":[\"https:\\\/\\\/www.paratime.vn\\\/en\\\/pricing\\\/noncommercial-portraits\\\/\"]}]},{\"@type\":\"ImageObject\",\"inLanguage\":\"en-US\",\"@id\":\"https:\\\/\\\/www.paratime.vn\\\/en\\\/pricing\\\/noncommercial-portraits\\\/#primaryimage\",\"url\":\"https:\\\/\\\/www.paratime.vn\\\/wp-content\\\/uploads\\\/2016\\\/02\\\/timestudio.vn-portraits-11.jpg\",\"contentUrl\":\"https:\\\/\\\/www.paratime.vn\\\/wp-content\\\/uploads\\\/2016\\\/02\\\/timestudio.vn-portraits-11.jpg\",\"width\":1440,\"height\":960},{\"@type\":\"BreadcrumbList\",\"@id\":\"https:\\\/\\\/www.paratime.vn\\\/en\\\/pricing\\\/noncommercial-portraits\\\/#breadcrumb\",\"itemListElement\":[{\"@type\":\"ListItem\",\"position\":1,\"name\":\"Home\",\"item\":\"https:\\\/\\\/www.paratime.vn\\\/en\\\/\"},{\"@type\":\"ListItem\",\"position\":2,\"name\":\"Pricing\",\"item\":\"https:\\\/\\\/www.paratime.vn\\\/en\\\/pricing\\\/\"},{\"@type\":\"ListItem\",\"position\":3,\"name\":\"Ch\u1ee5p \u1ea3nh ch\u00e2n dung l\u01b0u ni\u1ec7m\"}]},{\"@type\":\"WebSite\",\"@id\":\"https:\\\/\\\/www.paratime.vn\\\/en\\\/#website\",\"url\":\"https:\\\/\\\/www.paratime.vn\\\/en\\\/\",\"name\":\"Paratime Studio\",\"description\":\"Ch\u1ee5p \u1ea3nh Ch\u00e2n dung, Doanh nghi\u1ec7p v\u00e0 S\u1ef1 ki\u1ec7n\",\"publisher\":{\"@id\":\"https:\\\/\\\/www.paratime.vn\\\/en\\\/#organization\"},\"potentialAction\":[{\"@type\":\"SearchAction\",\"target\":{\"@type\":\"EntryPoint\",\"urlTemplate\":\"https:\\\/\\\/www.paratime.vn\\\/en\\\/?s={search_term_string}\"},\"query-input\":{\"@type\":\"PropertyValueSpecification\",\"valueRequired\":true,\"valueName\":\"search_term_string\"}}],\"inLanguage\":\"en-US\"},{\"@type\":\"Organization\",\"@id\":\"https:\\\/\\\/www.paratime.vn\\\/en\\\/#organization\",\"name\":\"Paratime Studio\",\"url\":\"https:\\\/\\\/www.paratime.vn\\\/en\\\/\",\"logo\":{\"@type\":\"ImageObject\",\"inLanguage\":\"en-US\",\"@id\":\"https:\\\/\\\/www.paratime.vn\\\/en\\\/#\\\/schema\\\/logo\\\/image\\\/\",\"url\":\"https:\\\/\\\/www.paratime.vn\\\/wp-content\\\/uploads\\\/2020\\\/09\\\/Paratime-Logo.png\",\"contentUrl\":\"https:\\\/\\\/www.paratime.vn\\\/wp-content\\\/uploads\\\/2020\\\/09\\\/Paratime-Logo.png\",\"width\":1024,\"height\":1024,\"caption\":\"Paratime Studio\"},\"image\":{\"@id\":\"https:\\\/\\\/www.paratime.vn\\\/en\\\/#\\\/schema\\\/logo\\\/image\\\/\"}}]}<\/script>\n<!-- \/ Yoast SEO plugin. -->","yoast_head_json":{"title":"Ch\u1ee5p \u1ea3nh ch\u00e2n dung l\u01b0u ni\u1ec7m - Paratime Studio","description":"B\u1ea3ng gi\u00e1 d\u1ecbch v\u1ee5 \u1ea3nh ch\u00e2n dung l\u01b0u ni\u1ec7m d\u00e0nh cho c\u00e1 nh\u00e2n c\u1ee7a Paratime Studio v\u1edbi c\u00e1c m\u1ee9c chi ph\u00ed linh ho\u1ea1t.","robots":{"index":"index","follow":"follow","max-snippet":"max-snippet:-1","max-image-preview":"max-image-preview:large","max-video-preview":"max-video-preview:-1"},"canonical":"https:\/\/www.paratime.vn\/en\/pricing\/noncommercial-portraits\/","og_locale":"en_US","og_type":"article","og_title":"Ch\u1ee5p \u1ea3nh ch\u00e2n dung l\u01b0u ni\u1ec7m - Paratime Studio","og_description":"B\u1ea3ng gi\u00e1 d\u1ecbch v\u1ee5 \u1ea3nh ch\u00e2n dung l\u01b0u ni\u1ec7m d\u00e0nh cho c\u00e1 nh\u00e2n c\u1ee7a Paratime Studio v\u1edbi c\u00e1c m\u1ee9c chi ph\u00ed linh ho\u1ea1t.","og_url":"https:\/\/www.paratime.vn\/en\/pricing\/noncommercial-portraits\/","og_site_name":"Paratime Studio","article_modified_time":"2022-06-29T03:44:52+00:00","og_image":[{"width":1440,"height":960,"url":"https:\/\/www.paratime.vn\/wp-content\/uploads\/2016\/02\/timestudio.vn-portraits-11.jpg","type":"image\/jpeg"}],"twitter_card":"summary_large_image","twitter_misc":{"Est. reading time":"3 minutes"},"schema":{"@context":"https:\/\/schema.org","@graph":[{"@type":"WebPage","@id":"https:\/\/www.paratime.vn\/en\/pricing\/noncommercial-portraits\/","url":"https:\/\/www.paratime.vn\/en\/pricing\/noncommercial-portraits\/","name":"Ch\u1ee5p \u1ea3nh ch\u00e2n dung l\u01b0u ni\u1ec7m - Paratime Studio","isPartOf":{"@id":"https:\/\/www.paratime.vn\/en\/#website"},"primaryImageOfPage":{"@id":"https:\/\/www.paratime.vn\/en\/pricing\/noncommercial-portraits\/#primaryimage"},"image":{"@id":"https:\/\/www.paratime.vn\/en\/pricing\/noncommercial-portraits\/#primaryimage"},"thumbnailUrl":"https:\/\/www.paratime.vn\/wp-content\/uploads\/2016\/02\/timestudio.vn-portraits-11.jpg","datePublished":"2017-02-06T06:27:39+00:00","dateModified":"2022-06-29T03:44:52+00:00","description":"B\u1ea3ng gi\u00e1 d\u1ecbch v\u1ee5 \u1ea3nh ch\u00e2n dung l\u01b0u ni\u1ec7m d\u00e0nh cho c\u00e1 nh\u00e2n c\u1ee7a Paratime Studio v\u1edbi c\u00e1c m\u1ee9c chi ph\u00ed linh ho\u1ea1t.","breadcrumb":{"@id":"https:\/\/www.paratime.vn\/en\/pricing\/noncommercial-portraits\/#breadcrumb"},"inLanguage":"en-US","potentialAction":[{"@type":"ReadAction","target":["https:\/\/www.paratime.vn\/en\/pricing\/noncommercial-portraits\/"]}]},{"@type":"ImageObject","inLanguage":"en-US","@id":"https:\/\/www.paratime.vn\/en\/pricing\/noncommercial-portraits\/#primaryimage","url":"https:\/\/www.paratime.vn\/wp-content\/uploads\/2016\/02\/timestudio.vn-portraits-11.jpg","contentUrl":"https:\/\/www.paratime.vn\/wp-content\/uploads\/2016\/02\/timestudio.vn-portraits-11.jpg","width":1440,"height":960},{"@type":"BreadcrumbList","@id":"https:\/\/www.paratime.vn\/en\/pricing\/noncommercial-portraits\/#breadcrumb","itemListElement":[{"@type":"ListItem","position":1,"name":"Home","item":"https:\/\/www.paratime.vn\/en\/"},{"@type":"ListItem","position":2,"name":"Pricing","item":"https:\/\/www.paratime.vn\/en\/pricing\/"},{"@type":"ListItem","position":3,"name":"Ch\u1ee5p \u1ea3nh ch\u00e2n dung l\u01b0u ni\u1ec7m"}]},{"@type":"WebSite","@id":"https:\/\/www.paratime.vn\/en\/#website","url":"https:\/\/www.paratime.vn\/en\/","name":"Paratime Studio","description":"Ch\u1ee5p \u1ea3nh Ch\u00e2n dung, Doanh nghi\u1ec7p v\u00e0 S\u1ef1 ki\u1ec7n","publisher":{"@id":"https:\/\/www.paratime.vn\/en\/#organization"},"potentialAction":[{"@type":"SearchAction","target":{"@type":"EntryPoint","urlTemplate":"https:\/\/www.paratime.vn\/en\/?s={search_term_string}"},"query-input":{"@type":"PropertyValueSpecification","valueRequired":true,"valueName":"search_term_string"}}],"inLanguage":"en-US"},{"@type":"Organization","@id":"https:\/\/www.paratime.vn\/en\/#organization","name":"Paratime Studio","url":"https:\/\/www.paratime.vn\/en\/","logo":{"@type":"ImageObject","inLanguage":"en-US","@id":"https:\/\/www.paratime.vn\/en\/#\/schema\/logo\/image\/","url":"https:\/\/www.paratime.vn\/wp-content\/uploads\/2020\/09\/Paratime-Logo.png","contentUrl":"https:\/\/www.paratime.vn\/wp-content\/uploads\/2020\/09\/Paratime-Logo.png","width":1024,"height":1024,"caption":"Paratime Studio"},"image":{"@id":"https:\/\/www.paratime.vn\/en\/#\/schema\/logo\/image\/"}}]}},"jetpack-related-posts":[{"id":4720,"url":"https:\/\/www.paratime.vn\/pricing\/noncommercial-portraits\/","url_meta":{"origin":11328,"position":0},"title":"Ch\u1ee5p \u1ea3nh ch\u00e2n dung l\u01b0u ni\u1ec7m","author":"Ph\u1ea1m Th\u00e0nh Long","date":"06.02.2017","format":false,"excerpt":"","rel":"","context":"Similar post","block_context":{"text":"Similar post","link":""},"img":{"alt_text":"Photo by Paratime Studio","src":"https:\/\/i0.wp.com\/www.paratime.vn\/wp-content\/uploads\/2016\/02\/timestudio.vn-portraits-11.jpg?resize=350%2C200&ssl=1","width":350,"height":200,"srcset":"https:\/\/i0.wp.com\/www.paratime.vn\/wp-content\/uploads\/2016\/02\/timestudio.vn-portraits-11.jpg?resize=350%2C200&ssl=1 1x, https:\/\/i0.wp.com\/www.paratime.vn\/wp-content\/uploads\/2016\/02\/timestudio.vn-portraits-11.jpg?resize=525%2C300&ssl=1 1.5x, https:\/\/i0.wp.com\/www.paratime.vn\/wp-content\/uploads\/2016\/02\/timestudio.vn-portraits-11.jpg?resize=700%2C400&ssl=1 2x, https:\/\/i0.wp.com\/www.paratime.vn\/wp-content\/uploads\/2016\/02\/timestudio.vn-portraits-11.jpg?resize=1050%2C600&ssl=1 3x, https:\/\/i0.wp.com\/www.paratime.vn\/wp-content\/uploads\/2016\/02\/timestudio.vn-portraits-11.jpg?resize=1400%2C800&ssl=1 4x"},"classes":[]},{"id":11327,"url":"https:\/\/www.paratime.vn\/en\/corporate-portraits\/","url_meta":{"origin":11328,"position":1},"title":"Professional Portraits","author":"Ph\u1ea1m Th\u00e0nh Long","date":"06.10.2017","format":false,"excerpt":"","rel":"","context":"Similar post","block_context":{"text":"Similar post","link":""},"img":{"alt_text":"Photo by Paratime Studio","src":"https:\/\/i0.wp.com\/www.paratime.vn\/wp-content\/uploads\/2020\/12\/paratime.vn-fp-202012-1.jpg?resize=350%2C200&ssl=1","width":350,"height":200,"srcset":"https:\/\/i0.wp.com\/www.paratime.vn\/wp-content\/uploads\/2020\/12\/paratime.vn-fp-202012-1.jpg?resize=350%2C200&ssl=1 1x, https:\/\/i0.wp.com\/www.paratime.vn\/wp-content\/uploads\/2020\/12\/paratime.vn-fp-202012-1.jpg?resize=525%2C300&ssl=1 1.5x, https:\/\/i0.wp.com\/www.paratime.vn\/wp-content\/uploads\/2020\/12\/paratime.vn-fp-202012-1.jpg?resize=700%2C400&ssl=1 2x, https:\/\/i0.wp.com\/www.paratime.vn\/wp-content\/uploads\/2020\/12\/paratime.vn-fp-202012-1.jpg?resize=1050%2C600&ssl=1 3x, https:\/\/i0.wp.com\/www.paratime.vn\/wp-content\/uploads\/2020\/12\/paratime.vn-fp-202012-1.jpg?resize=1400%2C800&ssl=1 4x"},"classes":[]},{"id":5012,"url":"https:\/\/www.paratime.vn\/corporate-portraits\/","url_meta":{"origin":11328,"position":2},"title":"Ch\u00e2n dung chuy\u00ean nghi\u1ec7p","author":"Ph\u1ea1m Th\u00e0nh Long","date":"06.10.2017","format":false,"excerpt":"","rel":"","context":"Similar post","block_context":{"text":"Similar post","link":""},"img":{"alt_text":"","src":"https:\/\/i0.wp.com\/www.paratime.vn\/wp-content\/uploads\/2017\/10\/timestudio.vn-corporate-portrait-003.jpg?resize=350%2C200&ssl=1","width":350,"height":200,"srcset":"https:\/\/i0.wp.com\/www.paratime.vn\/wp-content\/uploads\/2017\/10\/timestudio.vn-corporate-portrait-003.jpg?resize=350%2C200&ssl=1 1x, https:\/\/i0.wp.com\/www.paratime.vn\/wp-content\/uploads\/2017\/10\/timestudio.vn-corporate-portrait-003.jpg?resize=525%2C300&ssl=1 1.5x, https:\/\/i0.wp.com\/www.paratime.vn\/wp-content\/uploads\/2017\/10\/timestudio.vn-corporate-portrait-003.jpg?resize=700%2C400&ssl=1 2x, https:\/\/i0.wp.com\/www.paratime.vn\/wp-content\/uploads\/2017\/10\/timestudio.vn-corporate-portrait-003.jpg?resize=1050%2C600&ssl=1 3x, https:\/\/i0.wp.com\/www.paratime.vn\/wp-content\/uploads\/2017\/10\/timestudio.vn-corporate-portrait-003.jpg?resize=1400%2C800&ssl=1 4x"},"classes":[]},{"id":2,"url":"https:\/\/www.paratime.vn\/pricing\/","url_meta":{"origin":11328,"position":3},"title":"B\u1ea3ng gi\u00e1","author":"Ph\u1ea1m Th\u00e0nh Long","date":"17.02.2016","format":false,"excerpt":"","rel":"","context":"Similar post","block_context":{"text":"Similar post","link":""},"img":{"alt_text":"Gi\u1edbi thi\u1ec7u Paratime Studio","src":"https:\/\/i0.wp.com\/www.paratime.vn\/wp-content\/uploads\/2020\/09\/paratime.vn-about-1.jpg?resize=350%2C200&ssl=1","width":350,"height":200,"srcset":"https:\/\/i0.wp.com\/www.paratime.vn\/wp-content\/uploads\/2020\/09\/paratime.vn-about-1.jpg?resize=350%2C200&ssl=1 1x, https:\/\/i0.wp.com\/www.paratime.vn\/wp-content\/uploads\/2020\/09\/paratime.vn-about-1.jpg?resize=525%2C300&ssl=1 1.5x, https:\/\/i0.wp.com\/www.paratime.vn\/wp-content\/uploads\/2020\/09\/paratime.vn-about-1.jpg?resize=700%2C400&ssl=1 2x, https:\/\/i0.wp.com\/www.paratime.vn\/wp-content\/uploads\/2020\/09\/paratime.vn-about-1.jpg?resize=1050%2C600&ssl=1 3x, https:\/\/i0.wp.com\/www.paratime.vn\/wp-content\/uploads\/2020\/09\/paratime.vn-about-1.jpg?resize=1400%2C800&ssl=1 4x"},"classes":[]},{"id":371,"url":"https:\/\/www.paratime.vn\/home\/","url_meta":{"origin":11328,"position":4},"title":"Paratime Studio \u2013 Ch\u1ee5p \u1ea3nh Ch\u00e2n dung, Doanh nghi\u1ec7p v\u00e0 S\u1ef1 ki\u1ec7n","author":"Ph\u1ea1m Th\u00e0nh Long","date":"12.06.2015","format":false,"excerpt":"","rel":"","context":"Similar post","block_context":{"text":"Similar post","link":""},"img":{"alt_text":"Paratime Studio","src":"https:\/\/i0.wp.com\/www.paratime.vn\/wp-content\/uploads\/2020\/09\/Paratime-Feature-Image.png?resize=350%2C200&ssl=1","width":350,"height":200,"srcset":"https:\/\/i0.wp.com\/www.paratime.vn\/wp-content\/uploads\/2020\/09\/Paratime-Feature-Image.png?resize=350%2C200&ssl=1 1x, https:\/\/i0.wp.com\/www.paratime.vn\/wp-content\/uploads\/2020\/09\/Paratime-Feature-Image.png?resize=525%2C300&ssl=1 1.5x, https:\/\/i0.wp.com\/www.paratime.vn\/wp-content\/uploads\/2020\/09\/Paratime-Feature-Image.png?resize=700%2C400&ssl=1 2x, https:\/\/i0.wp.com\/www.paratime.vn\/wp-content\/uploads\/2020\/09\/Paratime-Feature-Image.png?resize=1050%2C600&ssl=1 3x, https:\/\/i0.wp.com\/www.paratime.vn\/wp-content\/uploads\/2020\/09\/Paratime-Feature-Image.png?resize=1400%2C800&ssl=1 4x"},"classes":[]},{"id":11337,"url":"https:\/\/www.paratime.vn\/en\/pricing\/","url_meta":{"origin":11328,"position":5},"title":"Pricing","author":"Ph\u1ea1m Th\u00e0nh Long","date":"17.02.2016","format":false,"excerpt":"","rel":"","context":"Similar post","block_context":{"text":"Similar post","link":""},"img":{"alt_text":"","src":"https:\/\/i0.wp.com\/www.paratime.vn\/wp-content\/uploads\/2020\/09\/paratime.vn-about-1.jpg?resize=350%2C200&ssl=1","width":350,"height":200,"srcset":"https:\/\/i0.wp.com\/www.paratime.vn\/wp-content\/uploads\/2020\/09\/paratime.vn-about-1.jpg?resize=350%2C200&ssl=1 1x, https:\/\/i0.wp.com\/www.paratime.vn\/wp-content\/uploads\/2020\/09\/paratime.vn-about-1.jpg?resize=525%2C300&ssl=1 1.5x, https:\/\/i0.wp.com\/www.paratime.vn\/wp-content\/uploads\/2020\/09\/paratime.vn-about-1.jpg?resize=700%2C400&ssl=1 2x, https:\/\/i0.wp.com\/www.paratime.vn\/wp-content\/uploads\/2020\/09\/paratime.vn-about-1.jpg?resize=1050%2C600&ssl=1 3x, https:\/\/i0.wp.com\/www.paratime.vn\/wp-content\/uploads\/2020\/09\/paratime.vn-about-1.jpg?resize=1400%2C800&ssl=1 4x"},"classes":[]}],"jetpack_sharing_enabled":true,"_links":{"self":[{"href":"https:\/\/www.paratime.vn\/en\/wp-json\/wp\/v2\/pages\/11328","targetHints":{"allow":["GET"]}}],"collection":[{"href":"https:\/\/www.paratime.vn\/en\/wp-json\/wp\/v2\/pages"}],"about":[{"href":"https:\/\/www.paratime.vn\/en\/wp-json\/wp\/v2\/types\/page"}],"author":[{"embeddable":true,"href":"https:\/\/www.paratime.vn\/en\/wp-json\/wp\/v2\/users\/1"}],"replies":[{"embeddable":true,"href":"https:\/\/www.paratime.vn\/en\/wp-json\/wp\/v2\/comments?post=11328"}],"version-history":[{"count":4,"href":"https:\/\/www.paratime.vn\/en\/wp-json\/wp\/v2\/pages\/11328\/revisions"}],"predecessor-version":[{"id":12076,"href":"https:\/\/www.paratime.vn\/en\/wp-json\/wp\/v2\/pages\/11328\/revisions\/12076"}],"up":[{"embeddable":true,"href":"https:\/\/www.paratime.vn\/en\/wp-json\/wp\/v2\/pages\/11337"}],"wp:featuredmedia":[{"embeddable":true,"href":"https:\/\/www.paratime.vn\/en\/wp-json\/wp\/v2\/media\/10492"}],"wp:attachment":[{"href":"https:\/\/www.paratime.vn\/en\/wp-json\/wp\/v2\/media?parent=11328"}],"curies":[{"name":"wp","href":"https:\/\/api.w.org\/{rel}","templated":true}]}}