{"id":11329,"date":"2016-02-26T13:36:00","date_gmt":"2016-02-26T06:36:00","guid":{"rendered":"https:\/\/www.paratime.vn\/booking\/"},"modified":"2022-09-02T20:55:49","modified_gmt":"2022-09-02T13:55:49","slug":"booking","status":"publish","type":"page","link":"https:\/\/www.paratime.vn\/en\/booking\/","title":{"rendered":"Book a Photoshoot"},"content":{"rendered":"<section class=\"l-section wpb_row height_medium color_alternate\"><div class=\"l-section-h i-cf\"><div class=\"g-cols vc_row via_flex valign_top type_default stacking_default\"><div class=\"vc_col-sm-12 wpb_column vc_column_container\"><div class=\"vc_column-inner\"><div class=\"wpb_wrapper\"><h1 class=\"w-post-elm post_title us_custom_064d9100 entry-title color_link_inherit\">Book a Photoshoot<\/h1><\/div><\/div><\/div><\/div><\/div><\/section><section class=\"l-section wpb_row height_small\"><div class=\"l-section-h i-cf\"><div class=\"g-cols vc_row via_flex valign_top type_default stacking_default\"><div class=\"vc_col-sm-12 wpb_column vc_column_container\"><div class=\"vc_column-inner\"><div class=\"wpb_wrapper\"><div class=\"wpb_text_column\"><div class=\"wpb_wrapper\"><p>If you have any questions, feel free to <a href=\"https:\/\/m.me\/paratime.vn\">send us a message on Facebook<\/a> or call us at <a href=\"tel:+84902194683\">0902 194 683<\/a>.<\/p>\n<p>Please fill out the form to book a photoshoot.<\/p>\n<p>Thank you!<\/p>\n<\/div><\/div><\/div><\/div><\/div><\/div><\/div><\/section><section class=\"l-section wpb_row height_auto\"><div class=\"l-section-h i-cf\"><div class=\"g-cols vc_row via_flex valign_top type_default stacking_default\"><div class=\"vc_col-sm-8 wpb_column vc_column_container\"><div class=\"vc_column-inner\"><div class=\"wpb_wrapper\"><form class=\"w-form  us-field-style_1 layout_ver show_message_after_sending for_cform us_form_1\" action=\"https:\/\/www.paratime.vn\/en\/wp-json\/wp\/v2\/pages\/11329\" method=\"post\"><div class=\"w-form-h\"><div class=\"w-form-row for_text required\">\r\n\t\t<div class=\"w-form-row-field\">\r\n\t\t\t\t\t\t<input aria-label=\"Full name\" type=\"text\" name=\"us_form_1_text_1\" value placeholder=\"Full name *\" data-required=\"true\" aria-required=\"true\"\/>\r\n\t\t\t<\/div>\r\n\t\t<div class=\"w-form-row-state\">Fill out this field<\/div>\r\n<\/div>\r\n<div class=\"w-form-row for_email required\">\r\n\t\t<div class=\"w-form-row-field\">\r\n\t\t\t\t\t\t<input aria-label=\"Email\" type=\"email\" name=\"us_form_1_email_1\" value placeholder=\"Email *\" data-required=\"true\" aria-required=\"true\"\/>\r\n\t\t\t<\/div>\r\n\t\t<div class=\"w-form-row-state\">Please enter a valid email address.<\/div>\r\n<\/div>\r\n<div class=\"w-form-row for_text\">\r\n\t\t<div class=\"w-form-row-field\">\r\n\t\t\t\t\t\t<input aria-label=\"Phone number\" type=\"text\" name=\"us_form_1_text_2\" value placeholder=\"Phone number\"\/>\r\n\t\t\t<\/div>\r\n\t\t<div class=\"w-form-row-state\">Fill out this field<\/div>\r\n<\/div>\r\n<div class=\"w-form-row for_checkboxes has_label required\">\r\n\t\t\t<div class=\"w-form-row-label\">\r\n\t\t\t<span>Services <span class=\"required\">*<\/span><\/span>\r\n\t\t<\/div>\r\n\t\t<div class=\"w-form-row-field\">\r\n\t\t\t\t\t<label>\r\n\t\t\t\t<input type=\"checkbox\" name=\"us_form_1_checkboxes_1[]\" data-required=\"true\" value=\"Professional Portrait\"\/>\r\n\t\t\t\t<span>Professional Portrait<\/span>\r\n\t\t\t<\/label>\r\n\t\t\t\t\t\t<label>\r\n\t\t\t\t<input type=\"checkbox\" name=\"us_form_1_checkboxes_1[]\" data-required=\"true\" value=\"Corporate Photography\"\/>\r\n\t\t\t\t<span>Corporate Photography<\/span>\r\n\t\t\t<\/label>\r\n\t\t\t\t\t\t<label>\r\n\t\t\t\t<input type=\"checkbox\" name=\"us_form_1_checkboxes_1[]\" data-required=\"true\" value=\"Event Photography\"\/>\r\n\t\t\t\t<span>Event Photography<\/span>\r\n\t\t\t<\/label>\r\n\t\t\t\t\t\t<label>\r\n\t\t\t\t<input type=\"checkbox\" name=\"us_form_1_checkboxes_1[]\" data-required=\"true\" value=\"Others\"\/>\r\n\t\t\t\t<span>Others<\/span>\r\n\t\t\t<\/label>\r\n\t\t\t\t<\/div>\r\n\t\t<div class=\"w-form-row-state\">Select an option<\/div>\r\n<\/div>\r\n<div class=\"w-form-row for_textarea required\">\r\n\t\t<div class=\"w-form-row-field\">\r\n\t\t\t\t\t\t<textarea aria-label=\"Your request in details\" name=\"us_form_1_textarea_1\" placeholder=\"Your request in details *\" data-required=\"true\" aria-required=\"true\"><\/textarea>\r\n\t\t\t<\/div>\r\n\t\t<div class=\"w-form-row-state\">Fill out this field<\/div>\r\n<\/div>\r\n<div class=\"w-form-row for_date has_label required\">\r\n\t\t\t<div class=\"w-form-row-label\">\r\n\t\t\t<span>Shooting Date *<\/span>\r\n\t\t<\/div>\r\n\t\t<div class=\"w-form-row-field\">\r\n\t\t\t\t\t\t<input type=\"text\" name=\"us_form_1_date_1\" value inputmode=\"none\" data-date-format=\"yy\/mm\/dd\" aria-label=\"Shooting Date\" placeholder data-required=\"true\" aria-required=\"true\"\/>\r\n\t\t\t<\/div>\r\n\t\t<div class=\"w-form-row-state\">Fill out this field<\/div>\r\n<\/div>\r\n<div class=\"w-form-row for_captcha required cols_2\">\r\n\t<div class=\"w-form-row-label\">\r\n\t\t<span> <span>27 + 7 = ?<\/span><\/span>\r\n\t<\/div>\r\n\t<div class=\"w-form-row-field\">\r\n\t\t\t\t<input type=\"hidden\" name=\"us_form_1_captcha_1_hash\" value=\"a1b736eac2e91d15553d9ddacef8b306\" \/>\r\n\t\t\t\t<input aria-label=\"us_form_1_captcha_1\" type=\"text\" name=\"us_form_1_captcha_1\" placeholder data-required=\"true\" aria-required=\"true\"\/>\r\n\t\t\t<\/div>\r\n\t\t\t<div class=\"w-form-row-description\">\r\n\t\t\tPlease verify\t\t<\/div>\r\n\t\t<div class=\"w-form-row-state\">Enter the equation result to proceed<\/div>\r\n<\/div>\r\n<input type=\"hidden\" name=\"action\" value=\"us_ajax_cform\" \/>\r\n<input type=\"hidden\" name=\"post_id\" value=\"0\" \/>\r\n<input type=\"hidden\" name=\"form_index\" value=\"1\" \/>\r\n<div class=\"w-form-row for_submit align_none\">\r\n\t<button class=\"w-btn  us-btn-style_1\" aria-label=\"Submit\" type=\"submit\">\r\n\t\t<span class=\"g-preloader type_1\"><\/span>\r\n\t\t\t\t<span class=\"w-btn-label\">Submit<\/span>\r\n\t\t\t<\/button>\r\n\t<\/div>\r\n<\/div><div class=\"w-form-message\"><\/div><div class=\"w-form-json hidden\" onclick='return {&quot;ajaxurl&quot;:&quot;https:\\\/\\\/www.paratime.vn\\\/wp-admin\\\/admin-ajax.php&quot;,&quot;messages&quot;:{&quot;err_empty&quot;:&quot;Fill out this field&quot;,&quot;err_size&quot;:&quot;File size cannot exceed %s MB&quot;,&quot;err_extension&quot;:&quot;%s file type is not allowed&quot;,&quot;err_recaptcha_keys&quot;:&quot;reCAPTCHA keys are incorrect&quot;}}'><\/div><\/form><div class=\"w-separator size_medium\"><\/div><\/div><\/div><\/div><div class=\"vc_col-sm-4 wpb_column vc_column_container\"><div class=\"vc_column-inner\"><div class=\"wpb_wrapper\"><\/div><\/div><\/div><\/div><\/div><\/section>\n","protected":false},"excerpt":{"rendered":"Book a PhotoshootIf you have any questions, feel free to send us a message on Facebook or call us at 0902 194 683. Please fill out the form to book a photoshoot. Thank you! Fill out this field Please enter a valid email address. Fill out this field Services * Professional Portrait Corporate Photography Event...","protected":false},"author":1,"featured_media":0,"parent":0,"menu_order":8,"comment_status":"closed","ping_status":"closed","template":"","meta":{"jetpack_post_was_ever_published":false,"footnotes":""},"class_list":["post-11329","page","type-page","status-publish","hentry"],"yoast_head":"<!-- This site is optimized with the Yoast SEO plugin v27.5 - https:\/\/yoast.com\/product\/yoast-seo-wordpress\/ -->\n<title>Book your photoshoot - Paratime Studio<\/title>\n<meta name=\"description\" content=\"Please fill out the form to book a photoshoot or call us at 0902 194 683. Thank you!\" \/>\n<meta name=\"robots\" content=\"index, follow, max-snippet:-1, max-image-preview:large, max-video-preview:-1\" \/>\n<link rel=\"canonical\" href=\"https:\/\/www.paratime.vn\/en\/booking\/\" \/>\n<meta property=\"og:locale\" content=\"en_US\" \/>\n<meta property=\"og:type\" content=\"article\" \/>\n<meta property=\"og:title\" content=\"Book your photoshoot - Paratime Studio\" \/>\n<meta property=\"og:description\" content=\"Please fill out the form to book a photoshoot or call us at 0902 194 683. Thank you!\" \/>\n<meta property=\"og:url\" content=\"https:\/\/www.paratime.vn\/en\/booking\/\" \/>\n<meta property=\"og:site_name\" content=\"Paratime Studio\" \/>\n<meta property=\"article:modified_time\" content=\"2022-09-02T13:55:49+00:00\" \/>\n<meta property=\"og:image\" content=\"https:\/\/www.paratime.vn\/wp-content\/uploads\/2020\/09\/Paratime-Studio-Cover.png\" \/>\n\t<meta property=\"og:image:width\" content=\"1200\" \/>\n\t<meta property=\"og:image:height\" content=\"792\" \/>\n\t<meta property=\"og:image:type\" content=\"image\/png\" \/>\n<meta name=\"twitter:card\" content=\"summary_large_image\" \/>\n<meta name=\"twitter:label1\" content=\"Est. reading time\" \/>\n\t<meta name=\"twitter:data1\" content=\"1 minute\" \/>\n<script type=\"application\/ld+json\" class=\"yoast-schema-graph\">{\"@context\":\"https:\\\/\\\/schema.org\",\"@graph\":[{\"@type\":\"WebPage\",\"@id\":\"https:\\\/\\\/www.paratime.vn\\\/en\\\/booking\\\/\",\"url\":\"https:\\\/\\\/www.paratime.vn\\\/en\\\/booking\\\/\",\"name\":\"Book your photoshoot - Paratime Studio\",\"isPartOf\":{\"@id\":\"https:\\\/\\\/www.paratime.vn\\\/en\\\/#website\"},\"datePublished\":\"2016-02-26T06:36:00+00:00\",\"dateModified\":\"2022-09-02T13:55:49+00:00\",\"description\":\"Please fill out the form to book a photoshoot or call us at 0902 194 683. Thank you!\",\"breadcrumb\":{\"@id\":\"https:\\\/\\\/www.paratime.vn\\\/en\\\/booking\\\/#breadcrumb\"},\"inLanguage\":\"en-US\",\"potentialAction\":[{\"@type\":\"ReadAction\",\"target\":[\"https:\\\/\\\/www.paratime.vn\\\/en\\\/booking\\\/\"]}]},{\"@type\":\"BreadcrumbList\",\"@id\":\"https:\\\/\\\/www.paratime.vn\\\/en\\\/booking\\\/#breadcrumb\",\"itemListElement\":[{\"@type\":\"ListItem\",\"position\":1,\"name\":\"Home\",\"item\":\"https:\\\/\\\/www.paratime.vn\\\/en\\\/\"},{\"@type\":\"ListItem\",\"position\":2,\"name\":\"Book a Photoshoot\"}]},{\"@type\":\"WebSite\",\"@id\":\"https:\\\/\\\/www.paratime.vn\\\/en\\\/#website\",\"url\":\"https:\\\/\\\/www.paratime.vn\\\/en\\\/\",\"name\":\"Paratime Studio\",\"description\":\"Ch\u1ee5p \u1ea3nh Ch\u00e2n dung, Doanh nghi\u1ec7p v\u00e0 S\u1ef1 ki\u1ec7n\",\"publisher\":{\"@id\":\"https:\\\/\\\/www.paratime.vn\\\/en\\\/#organization\"},\"potentialAction\":[{\"@type\":\"SearchAction\",\"target\":{\"@type\":\"EntryPoint\",\"urlTemplate\":\"https:\\\/\\\/www.paratime.vn\\\/en\\\/?s={search_term_string}\"},\"query-input\":{\"@type\":\"PropertyValueSpecification\",\"valueRequired\":true,\"valueName\":\"search_term_string\"}}],\"inLanguage\":\"en-US\"},{\"@type\":\"Organization\",\"@id\":\"https:\\\/\\\/www.paratime.vn\\\/en\\\/#organization\",\"name\":\"Paratime Studio\",\"url\":\"https:\\\/\\\/www.paratime.vn\\\/en\\\/\",\"logo\":{\"@type\":\"ImageObject\",\"inLanguage\":\"en-US\",\"@id\":\"https:\\\/\\\/www.paratime.vn\\\/en\\\/#\\\/schema\\\/logo\\\/image\\\/\",\"url\":\"https:\\\/\\\/www.paratime.vn\\\/wp-content\\\/uploads\\\/2020\\\/09\\\/Paratime-Logo.png\",\"contentUrl\":\"https:\\\/\\\/www.paratime.vn\\\/wp-content\\\/uploads\\\/2020\\\/09\\\/Paratime-Logo.png\",\"width\":1024,\"height\":1024,\"caption\":\"Paratime Studio\"},\"image\":{\"@id\":\"https:\\\/\\\/www.paratime.vn\\\/en\\\/#\\\/schema\\\/logo\\\/image\\\/\"}}]}<\/script>\n<!-- \/ Yoast SEO plugin. -->","yoast_head_json":{"title":"Book your photoshoot - Paratime Studio","description":"Please fill out the form to book a photoshoot or call us at 0902 194 683. Thank you!","robots":{"index":"index","follow":"follow","max-snippet":"max-snippet:-1","max-image-preview":"max-image-preview:large","max-video-preview":"max-video-preview:-1"},"canonical":"https:\/\/www.paratime.vn\/en\/booking\/","og_locale":"en_US","og_type":"article","og_title":"Book your photoshoot - Paratime Studio","og_description":"Please fill out the form to book a photoshoot or call us at 0902 194 683. Thank you!","og_url":"https:\/\/www.paratime.vn\/en\/booking\/","og_site_name":"Paratime Studio","article_modified_time":"2022-09-02T13:55:49+00:00","og_image":[{"width":1200,"height":792,"url":"https:\/\/www.paratime.vn\/wp-content\/uploads\/2020\/09\/Paratime-Studio-Cover.png","type":"image\/png"}],"twitter_card":"summary_large_image","twitter_misc":{"Est. reading time":"1 minute"},"schema":{"@context":"https:\/\/schema.org","@graph":[{"@type":"WebPage","@id":"https:\/\/www.paratime.vn\/en\/booking\/","url":"https:\/\/www.paratime.vn\/en\/booking\/","name":"Book your photoshoot - Paratime Studio","isPartOf":{"@id":"https:\/\/www.paratime.vn\/en\/#website"},"datePublished":"2016-02-26T06:36:00+00:00","dateModified":"2022-09-02T13:55:49+00:00","description":"Please fill out the form to book a photoshoot or call us at 0902 194 683. Thank you!","breadcrumb":{"@id":"https:\/\/www.paratime.vn\/en\/booking\/#breadcrumb"},"inLanguage":"en-US","potentialAction":[{"@type":"ReadAction","target":["https:\/\/www.paratime.vn\/en\/booking\/"]}]},{"@type":"BreadcrumbList","@id":"https:\/\/www.paratime.vn\/en\/booking\/#breadcrumb","itemListElement":[{"@type":"ListItem","position":1,"name":"Home","item":"https:\/\/www.paratime.vn\/en\/"},{"@type":"ListItem","position":2,"name":"Book a Photoshoot"}]},{"@type":"WebSite","@id":"https:\/\/www.paratime.vn\/en\/#website","url":"https:\/\/www.paratime.vn\/en\/","name":"Paratime Studio","description":"Ch\u1ee5p \u1ea3nh Ch\u00e2n dung, Doanh nghi\u1ec7p v\u00e0 S\u1ef1 ki\u1ec7n","publisher":{"@id":"https:\/\/www.paratime.vn\/en\/#organization"},"potentialAction":[{"@type":"SearchAction","target":{"@type":"EntryPoint","urlTemplate":"https:\/\/www.paratime.vn\/en\/?s={search_term_string}"},"query-input":{"@type":"PropertyValueSpecification","valueRequired":true,"valueName":"search_term_string"}}],"inLanguage":"en-US"},{"@type":"Organization","@id":"https:\/\/www.paratime.vn\/en\/#organization","name":"Paratime Studio","url":"https:\/\/www.paratime.vn\/en\/","logo":{"@type":"ImageObject","inLanguage":"en-US","@id":"https:\/\/www.paratime.vn\/en\/#\/schema\/logo\/image\/","url":"https:\/\/www.paratime.vn\/wp-content\/uploads\/2020\/09\/Paratime-Logo.png","contentUrl":"https:\/\/www.paratime.vn\/wp-content\/uploads\/2020\/09\/Paratime-Logo.png","width":1024,"height":1024,"caption":"Paratime Studio"},"image":{"@id":"https:\/\/www.paratime.vn\/en\/#\/schema\/logo\/image\/"}}]}},"jetpack-related-posts":[{"id":4248,"url":"https:\/\/www.paratime.vn\/booking\/","url_meta":{"origin":11329,"position":0},"title":"\u0110\u0103ng k\u00ed ch\u1ee5p \u1ea3nh","author":"Ph\u1ea1m Th\u00e0nh Long","date":"26.02.2016","format":false,"excerpt":"","rel":"","context":"Similar post","block_context":{"text":"Similar post","link":""},"img":{"alt_text":"","src":"","width":0,"height":0},"classes":[]},{"id":32,"url":"https:\/\/www.paratime.vn\/contact\/","url_meta":{"origin":11329,"position":1},"title":"Li\u00ean h\u1ec7","author":"Ph\u1ea1m Th\u00e0nh Long","date":"09.06.2015","format":false,"excerpt":"","rel":"","context":"Similar post","block_context":{"text":"Similar post","link":""},"img":{"alt_text":"Li\u00ean h\u1ec7 Paratime","src":"https:\/\/i0.wp.com\/www.paratime.vn\/wp-content\/uploads\/2020\/09\/paratime.vn-contact.jpg?resize=350%2C200&ssl=1","width":350,"height":200,"srcset":"https:\/\/i0.wp.com\/www.paratime.vn\/wp-content\/uploads\/2020\/09\/paratime.vn-contact.jpg?resize=350%2C200&ssl=1 1x, https:\/\/i0.wp.com\/www.paratime.vn\/wp-content\/uploads\/2020\/09\/paratime.vn-contact.jpg?resize=525%2C300&ssl=1 1.5x, https:\/\/i0.wp.com\/www.paratime.vn\/wp-content\/uploads\/2020\/09\/paratime.vn-contact.jpg?resize=700%2C400&ssl=1 2x, https:\/\/i0.wp.com\/www.paratime.vn\/wp-content\/uploads\/2020\/09\/paratime.vn-contact.jpg?resize=1050%2C600&ssl=1 3x, https:\/\/i0.wp.com\/www.paratime.vn\/wp-content\/uploads\/2020\/09\/paratime.vn-contact.jpg?resize=1400%2C800&ssl=1 4x"},"classes":[]},{"id":11294,"url":"https:\/\/www.paratime.vn\/en\/contact\/","url_meta":{"origin":11329,"position":2},"title":"Contact","author":"Ph\u1ea1m Th\u00e0nh Long","date":"05.06.2021","format":false,"excerpt":"","rel":"","context":"Similar post","block_context":{"text":"Similar post","link":""},"img":{"alt_text":"Contact Paratime","src":"https:\/\/i0.wp.com\/www.paratime.vn\/wp-content\/uploads\/2020\/09\/paratime.vn-contact.jpg?resize=350%2C200&ssl=1","width":350,"height":200,"srcset":"https:\/\/i0.wp.com\/www.paratime.vn\/wp-content\/uploads\/2020\/09\/paratime.vn-contact.jpg?resize=350%2C200&ssl=1 1x, https:\/\/i0.wp.com\/www.paratime.vn\/wp-content\/uploads\/2020\/09\/paratime.vn-contact.jpg?resize=525%2C300&ssl=1 1.5x, https:\/\/i0.wp.com\/www.paratime.vn\/wp-content\/uploads\/2020\/09\/paratime.vn-contact.jpg?resize=700%2C400&ssl=1 2x, https:\/\/i0.wp.com\/www.paratime.vn\/wp-content\/uploads\/2020\/09\/paratime.vn-contact.jpg?resize=1050%2C600&ssl=1 3x, https:\/\/i0.wp.com\/www.paratime.vn\/wp-content\/uploads\/2020\/09\/paratime.vn-contact.jpg?resize=1400%2C800&ssl=1 4x"},"classes":[]},{"id":11327,"url":"https:\/\/www.paratime.vn\/en\/corporate-portraits\/","url_meta":{"origin":11329,"position":3},"title":"Professional Portraits","author":"Ph\u1ea1m Th\u00e0nh Long","date":"06.10.2017","format":false,"excerpt":"","rel":"","context":"Similar post","block_context":{"text":"Similar post","link":""},"img":{"alt_text":"Photo by Paratime Studio","src":"https:\/\/i0.wp.com\/www.paratime.vn\/wp-content\/uploads\/2020\/12\/paratime.vn-fp-202012-1.jpg?resize=350%2C200&ssl=1","width":350,"height":200,"srcset":"https:\/\/i0.wp.com\/www.paratime.vn\/wp-content\/uploads\/2020\/12\/paratime.vn-fp-202012-1.jpg?resize=350%2C200&ssl=1 1x, https:\/\/i0.wp.com\/www.paratime.vn\/wp-content\/uploads\/2020\/12\/paratime.vn-fp-202012-1.jpg?resize=525%2C300&ssl=1 1.5x, https:\/\/i0.wp.com\/www.paratime.vn\/wp-content\/uploads\/2020\/12\/paratime.vn-fp-202012-1.jpg?resize=700%2C400&ssl=1 2x, https:\/\/i0.wp.com\/www.paratime.vn\/wp-content\/uploads\/2020\/12\/paratime.vn-fp-202012-1.jpg?resize=1050%2C600&ssl=1 3x, https:\/\/i0.wp.com\/www.paratime.vn\/wp-content\/uploads\/2020\/12\/paratime.vn-fp-202012-1.jpg?resize=1400%2C800&ssl=1 4x"},"classes":[]},{"id":5012,"url":"https:\/\/www.paratime.vn\/corporate-portraits\/","url_meta":{"origin":11329,"position":4},"title":"Ch\u00e2n dung chuy\u00ean nghi\u1ec7p","author":"Ph\u1ea1m Th\u00e0nh Long","date":"06.10.2017","format":false,"excerpt":"","rel":"","context":"Similar post","block_context":{"text":"Similar post","link":""},"img":{"alt_text":"","src":"https:\/\/i0.wp.com\/www.paratime.vn\/wp-content\/uploads\/2017\/10\/timestudio.vn-corporate-portrait-003.jpg?resize=350%2C200&ssl=1","width":350,"height":200,"srcset":"https:\/\/i0.wp.com\/www.paratime.vn\/wp-content\/uploads\/2017\/10\/timestudio.vn-corporate-portrait-003.jpg?resize=350%2C200&ssl=1 1x, https:\/\/i0.wp.com\/www.paratime.vn\/wp-content\/uploads\/2017\/10\/timestudio.vn-corporate-portrait-003.jpg?resize=525%2C300&ssl=1 1.5x, https:\/\/i0.wp.com\/www.paratime.vn\/wp-content\/uploads\/2017\/10\/timestudio.vn-corporate-portrait-003.jpg?resize=700%2C400&ssl=1 2x, https:\/\/i0.wp.com\/www.paratime.vn\/wp-content\/uploads\/2017\/10\/timestudio.vn-corporate-portrait-003.jpg?resize=1050%2C600&ssl=1 3x, https:\/\/i0.wp.com\/www.paratime.vn\/wp-content\/uploads\/2017\/10\/timestudio.vn-corporate-portrait-003.jpg?resize=1400%2C800&ssl=1 4x"},"classes":[]},{"id":11309,"url":"https:\/\/www.paratime.vn\/en\/about\/","url_meta":{"origin":11329,"position":5},"title":"About Us","author":"Ph\u1ea1m Th\u00e0nh Long","date":"09.06.2015","format":false,"excerpt":"","rel":"","context":"Similar post","block_context":{"text":"Similar post","link":""},"img":{"alt_text":"","src":"https:\/\/i0.wp.com\/www.paratime.vn\/wp-content\/uploads\/2020\/09\/paratime.vn-about-1.jpg?resize=350%2C200&ssl=1","width":350,"height":200,"srcset":"https:\/\/i0.wp.com\/www.paratime.vn\/wp-content\/uploads\/2020\/09\/paratime.vn-about-1.jpg?resize=350%2C200&ssl=1 1x, https:\/\/i0.wp.com\/www.paratime.vn\/wp-content\/uploads\/2020\/09\/paratime.vn-about-1.jpg?resize=525%2C300&ssl=1 1.5x, https:\/\/i0.wp.com\/www.paratime.vn\/wp-content\/uploads\/2020\/09\/paratime.vn-about-1.jpg?resize=700%2C400&ssl=1 2x, https:\/\/i0.wp.com\/www.paratime.vn\/wp-content\/uploads\/2020\/09\/paratime.vn-about-1.jpg?resize=1050%2C600&ssl=1 3x, https:\/\/i0.wp.com\/www.paratime.vn\/wp-content\/uploads\/2020\/09\/paratime.vn-about-1.jpg?resize=1400%2C800&ssl=1 4x"},"classes":[]}],"jetpack_sharing_enabled":true,"_links":{"self":[{"href":"https:\/\/www.paratime.vn\/en\/wp-json\/wp\/v2\/pages\/11329","targetHints":{"allow":["GET"]}}],"collection":[{"href":"https:\/\/www.paratime.vn\/en\/wp-json\/wp\/v2\/pages"}],"about":[{"href":"https:\/\/www.paratime.vn\/en\/wp-json\/wp\/v2\/types\/page"}],"author":[{"embeddable":true,"href":"https:\/\/www.paratime.vn\/en\/wp-json\/wp\/v2\/users\/1"}],"replies":[{"embeddable":true,"href":"https:\/\/www.paratime.vn\/en\/wp-json\/wp\/v2\/comments?post=11329"}],"version-history":[{"count":2,"href":"https:\/\/www.paratime.vn\/en\/wp-json\/wp\/v2\/pages\/11329\/revisions"}],"predecessor-version":[{"id":12153,"href":"https:\/\/www.paratime.vn\/en\/wp-json\/wp\/v2\/pages\/11329\/revisions\/12153"}],"wp:attachment":[{"href":"https:\/\/www.paratime.vn\/en\/wp-json\/wp\/v2\/media?parent=11329"}],"curies":[{"name":"wp","href":"https:\/\/api.w.org\/{rel}","templated":true}]}}