{"id":11337,"date":"2016-02-17T06:34:53","date_gmt":"2016-02-16T23:34:53","guid":{"rendered":"https:\/\/www.paratime.vn\/pricing\/"},"modified":"2025-06-19T13:12:32","modified_gmt":"2025-06-19T06:12:32","slug":"pricing","status":"publish","type":"page","link":"https:\/\/www.paratime.vn\/en\/pricing\/","title":{"rendered":"Pricing"},"content":{"rendered":"<section class=\"l-section wpb_row height_medium color_footer-bottom\"><div class=\"l-section-h i-cf\"><div class=\"g-cols vc_row via_flex valign_top type_default stacking_default\"><div class=\"vc_col-sm-12 wpb_column vc_column_container\"><div class=\"vc_column-inner\"><div class=\"wpb_wrapper\"><h1 class=\"w-post-elm post_title us_custom_064d9100 entry-title color_link_inherit\">Pricing<\/h1><div class=\"wpb_text_column\"><div class=\"wpb_wrapper\"><p>Price list of Paratime Studio&#8217;s main services: Professional Portrait, Corporate Photography and Event Photography.<\/p>\n<\/div><\/div><\/div><\/div><\/div><\/div><\/div><\/section><section class=\"l-section wpb_row height_medium color_alternate\"><div class=\"l-section-h i-cf\"><div class=\"g-cols vc_row via_flex valign_top type_default stacking_default\"><div class=\"vc_col-sm-5 wpb_column vc_column_container\"><div class=\"vc_column-inner\"><div class=\"wpb_wrapper\"><div class=\"w-image style_shadow-2 align_none\"><a href=\"https:\/\/www.paratime.vn\/en\/corporate-portraits\/#pricing\" aria-label=\"Corporate Headshot by Paratime Studio\" class=\"w-image-h\"><div class=\"w-image-shadow\" style=\"background-image:url(https:\/\/www.paratime.vn\/wp-content\/uploads\/2020\/06\/TIMEstudio-headshot-prepairing.jpg);\"><\/div><img decoding=\"async\" width=\"1920\" height=\"1280\" src=\"https:\/\/www.paratime.vn\/wp-content\/uploads\/2020\/06\/TIMEstudio-headshot-prepairing.jpg\" class=\"attachment-full size-full\" alt=\"\" loading=\"lazy\" srcset=\"https:\/\/www.paratime.vn\/wp-content\/uploads\/2020\/06\/TIMEstudio-headshot-prepairing.jpg 1920w, https:\/\/www.paratime.vn\/wp-content\/uploads\/2020\/06\/TIMEstudio-headshot-prepairing-768x512.jpg 768w, https:\/\/www.paratime.vn\/wp-content\/uploads\/2020\/06\/TIMEstudio-headshot-prepairing-1200x800.jpg 1200w, https:\/\/www.paratime.vn\/wp-content\/uploads\/2020\/06\/TIMEstudio-headshot-prepairing-600x400.jpg 600w\" sizes=\"auto, (max-width: 1920px) 100vw, 1920px\" \/><\/a><\/div><\/div><\/div><\/div><div class=\"vc_col-sm-7 wpb_column vc_column_container\"><div class=\"vc_column-inner\"><div class=\"wpb_wrapper\"><div class=\"wpb_text_column\"><div class=\"wpb_wrapper\"><h2>Professional Portrait<\/h2>\n<p><b>Individuals<\/b><\/p>\n<ul>\n<li><i>Mini session<\/i>: 500,000\u0111, 10 minutes, 01 retouched photo.<\/li>\n<li><i>Standard session<\/i>: 1,000,000\u0111, 20 minutes, all photos with 01 retouched.<\/li>\n<li><i>Flexible session<\/i>: from 650,000\u0111, 20 minutes starting session length, free 01 hi-end edited photo, the cost is based on shooting time (divided into 20-minute blocks) and the number of photos to be purchased.<\/li>\n<\/ul>\n<p><b>Teams or Companies<\/b><\/p>\n<p>Contact us for quote.<\/p>\n<\/div><\/div><div class=\"w-btn-wrapper align_none\"><a class=\"w-btn us-btn-style_7 us_custom_80a192e9\" href=\"https:\/\/www.paratime.vn\/en\/corporate-portraits\/#pricing\"><span class=\"w-btn-label\">See details<\/span><\/a><\/div><\/div><\/div><\/div><\/div><\/div><\/section><section class=\"l-section wpb_row height_medium\"><div class=\"l-section-h i-cf\"><div class=\"g-cols vc_row via_flex valign_top type_default reversed stacking_default\"><div class=\"vc_col-sm-7 wpb_column vc_column_container\"><div class=\"vc_column-inner\"><div class=\"wpb_wrapper\"><div class=\"wpb_text_column\"><div class=\"wpb_wrapper\"><h2>Corporate Photography<\/h2>\n<p>The cost for each contract of corporate photoshoot will depend on specific requirements and purposes of use.<\/p>\n<p>When compiling a photography quote, in addition to production fee, commercial photographers charge prices based on creative fee and royalty (usage fee).<\/p>\n<\/div><\/div><div class=\"w-btn-wrapper align_none\"><a class=\"w-btn us-btn-style_7 us_custom_80a192e9\" href=\"https:\/\/www.paratime.vn\/en\/corporate-commercial-photography\/#pricing\"><span class=\"w-btn-label\">See details<\/span><\/a><\/div><\/div><\/div><\/div><div class=\"vc_col-sm-5 wpb_column vc_column_container\"><div class=\"vc_column-inner\"><div class=\"wpb_wrapper\"><div class=\"w-image style_shadow-2 align_none\"><a href=\"https:\/\/www.paratime.vn\/en\/corporate-commercial-photography\/#pricing\" aria-label=\"Hawee\" class=\"w-image-h\"><div class=\"w-image-shadow\" style=\"background-image:url(https:\/\/www.paratime.vn\/wp-content\/uploads\/2017\/09\/timestudio.vn-corporate-03.jpg);\"><\/div><img decoding=\"async\" width=\"1440\" height=\"960\" src=\"https:\/\/www.paratime.vn\/wp-content\/uploads\/2017\/09\/timestudio.vn-corporate-03.jpg\" class=\"attachment-full size-full\" alt=\"Workers\" loading=\"lazy\" srcset=\"https:\/\/www.paratime.vn\/wp-content\/uploads\/2017\/09\/timestudio.vn-corporate-03.jpg 1440w, https:\/\/www.paratime.vn\/wp-content\/uploads\/2017\/09\/timestudio.vn-corporate-03-768x512.jpg 768w, https:\/\/www.paratime.vn\/wp-content\/uploads\/2017\/09\/timestudio.vn-corporate-03-1200x800.jpg 1200w, https:\/\/www.paratime.vn\/wp-content\/uploads\/2017\/09\/timestudio.vn-corporate-03-600x400.jpg 600w\" sizes=\"auto, (max-width: 1440px) 100vw, 1440px\" \/><\/a><\/div><\/div><\/div><\/div><\/div><\/div><\/section><section class=\"l-section wpb_row height_medium color_alternate\"><div class=\"l-section-h i-cf\"><div class=\"g-cols vc_row via_flex valign_top type_default stacking_default\"><div class=\"vc_col-sm-5 wpb_column vc_column_container\"><div class=\"vc_column-inner\"><div class=\"wpb_wrapper\"><div class=\"w-image style_shadow-2 align_none\"><a href=\"https:\/\/www.paratime.vn\/en\/event-photography\/#pricing\" aria-label=\"L\u1ec5 k\u1ec9 ni\u1ec7m 60 n\u0103m th\u00e0nh l\u1eadp Khoa Ng\u1eef V\u0103n\" class=\"w-image-h\"><div class=\"w-image-shadow\" style=\"background-image:url(https:\/\/www.paratime.vn\/wp-content\/uploads\/2017\/06\/timestudio.vn-event-10-tips-07.jpg);\"><\/div><img decoding=\"async\" width=\"1440\" height=\"960\" src=\"https:\/\/www.paratime.vn\/wp-content\/uploads\/2017\/06\/timestudio.vn-event-10-tips-07.jpg\" class=\"attachment-full size-full\" alt=\"\" loading=\"lazy\" srcset=\"https:\/\/www.paratime.vn\/wp-content\/uploads\/2017\/06\/timestudio.vn-event-10-tips-07.jpg 1440w, https:\/\/www.paratime.vn\/wp-content\/uploads\/2017\/06\/timestudio.vn-event-10-tips-07-768x512.jpg 768w, https:\/\/www.paratime.vn\/wp-content\/uploads\/2017\/06\/timestudio.vn-event-10-tips-07-1200x800.jpg 1200w, https:\/\/www.paratime.vn\/wp-content\/uploads\/2017\/06\/timestudio.vn-event-10-tips-07-600x400.jpg 600w\" sizes=\"auto, (max-width: 1440px) 100vw, 1440px\" \/><\/a><\/div><\/div><\/div><\/div><div class=\"vc_col-sm-7 wpb_column vc_column_container\"><div class=\"vc_column-inner\"><div class=\"wpb_wrapper\"><div class=\"wpb_text_column\"><div class=\"wpb_wrapper\"><h2>Event Photography<\/h2>\n<p>Paratime Studio quotes event photography mainly based on\u00a0content, shooting duration, editing requirements and some other factors.<\/p>\n<\/div><\/div><div class=\"w-btn-wrapper align_none\"><a class=\"w-btn us-btn-style_7 us_custom_80a192e9\" href=\"https:\/\/www.paratime.vn\/en\/event-photography\/#pricing\"><span class=\"w-btn-label\">See details<\/span><\/a><\/div><\/div><\/div><\/div><\/div><\/div><\/section><section class=\"l-section wpb_row height_huge\"><div class=\"l-section-h i-cf\"><div class=\"g-cols vc_row via_flex valign_top type_default stacking_default\"><div class=\"vc_col-sm-12 wpb_column vc_column_container\"><div class=\"vc_column-inner\"><div class=\"wpb_wrapper\"><div class=\"wpb_text_column\"><div class=\"wpb_wrapper\"><p style=\"text-align: center;\">If you already have a budget in mind, contact us for advice and quote.<\/p>\n<\/div><\/div><div class=\"w-btn-wrapper align_center\"><a class=\"w-btn us-btn-style_4\" title=\"Li\u00ean h\u1ec7\" href=\"https:\/\/www.paratime.vn\/en\/contact\/\"><span class=\"w-btn-label\">Contact Paratime Studio<\/span><\/a><\/div><\/div><\/div><\/div><\/div><\/div><\/section>\n","protected":false},"excerpt":{"rendered":"PricingPrice list of Paratime Studio&#8217;s main services: Professional Portrait, Corporate Photography and Event Photography. Professional Portrait Individuals Mini session: 500,000\u0111, 10 minutes, 01 retouched photo. Standard session: 1,000,000\u0111, 20 minutes, all photos with 01 retouched. Flexible session: from 650,000\u0111, 20 minutes starting session length, free 01 hi-end edited photo, the cost is based on shooting...","protected":false},"author":1,"featured_media":11207,"parent":0,"menu_order":5,"comment_status":"closed","ping_status":"closed","template":"","meta":{"jetpack_post_was_ever_published":false,"footnotes":""},"class_list":["post-11337","page","type-page","status-publish","has-post-thumbnail","hentry"],"yoast_head":"<!-- This site is optimized with the Yoast SEO plugin v27.5 - https:\/\/yoast.com\/product\/yoast-seo-wordpress\/ -->\n<title>Price list for professional photography services - Paratime Studio<\/title>\n<meta name=\"description\" content=\"Price list of Paratime Studio&#039;s main services: Professional Portrait, Corporate Photography and Event Photography.\" \/>\n<meta name=\"robots\" content=\"index, follow, max-snippet:-1, max-image-preview:large, max-video-preview:-1\" \/>\n<link rel=\"canonical\" href=\"https:\/\/www.paratime.vn\/en\/pricing\/\" \/>\n<meta property=\"og:locale\" content=\"en_US\" \/>\n<meta property=\"og:type\" content=\"article\" \/>\n<meta property=\"og:title\" content=\"Price list for professional photography services - Paratime Studio\" \/>\n<meta property=\"og:description\" content=\"Price list of Paratime Studio&#039;s main services: Professional Portrait, Corporate Photography and Event Photography.\" \/>\n<meta property=\"og:url\" content=\"https:\/\/www.paratime.vn\/en\/pricing\/\" \/>\n<meta property=\"og:site_name\" content=\"Paratime Studio\" \/>\n<meta property=\"article:modified_time\" content=\"2025-06-19T06:12:32+00:00\" \/>\n<meta property=\"og:image\" content=\"http:\/\/www.paratime.vn\/wp-content\/uploads\/2020\/09\/paratime.vn-about-1.jpg\" \/>\n\t<meta property=\"og:image:width\" content=\"1440\" \/>\n\t<meta property=\"og:image:height\" content=\"900\" \/>\n\t<meta property=\"og:image:type\" content=\"image\/jpeg\" \/>\n<meta name=\"twitter:card\" content=\"summary_large_image\" \/>\n<meta name=\"twitter:label1\" content=\"Est. reading time\" \/>\n\t<meta name=\"twitter:data1\" content=\"2 minutes\" \/>\n<script type=\"application\/ld+json\" class=\"yoast-schema-graph\">{\"@context\":\"https:\\\/\\\/schema.org\",\"@graph\":[{\"@type\":\"WebPage\",\"@id\":\"https:\\\/\\\/www.paratime.vn\\\/en\\\/pricing\\\/\",\"url\":\"https:\\\/\\\/www.paratime.vn\\\/en\\\/pricing\\\/\",\"name\":\"Price list for professional photography services - Paratime Studio\",\"isPartOf\":{\"@id\":\"https:\\\/\\\/www.paratime.vn\\\/en\\\/#website\"},\"primaryImageOfPage\":{\"@id\":\"https:\\\/\\\/www.paratime.vn\\\/en\\\/pricing\\\/#primaryimage\"},\"image\":{\"@id\":\"https:\\\/\\\/www.paratime.vn\\\/en\\\/pricing\\\/#primaryimage\"},\"thumbnailUrl\":\"https:\\\/\\\/www.paratime.vn\\\/wp-content\\\/uploads\\\/2020\\\/09\\\/paratime.vn-about-1.jpg\",\"datePublished\":\"2016-02-16T23:34:53+00:00\",\"dateModified\":\"2025-06-19T06:12:32+00:00\",\"description\":\"Price list of Paratime Studio's main services: Professional Portrait, Corporate Photography and Event Photography.\",\"breadcrumb\":{\"@id\":\"https:\\\/\\\/www.paratime.vn\\\/en\\\/pricing\\\/#breadcrumb\"},\"inLanguage\":\"en-US\",\"potentialAction\":[{\"@type\":\"ReadAction\",\"target\":[\"https:\\\/\\\/www.paratime.vn\\\/en\\\/pricing\\\/\"]}]},{\"@type\":\"ImageObject\",\"inLanguage\":\"en-US\",\"@id\":\"https:\\\/\\\/www.paratime.vn\\\/en\\\/pricing\\\/#primaryimage\",\"url\":\"https:\\\/\\\/www.paratime.vn\\\/wp-content\\\/uploads\\\/2020\\\/09\\\/paratime.vn-about-1.jpg\",\"contentUrl\":\"https:\\\/\\\/www.paratime.vn\\\/wp-content\\\/uploads\\\/2020\\\/09\\\/paratime.vn-about-1.jpg\",\"width\":1440,\"height\":900},{\"@type\":\"BreadcrumbList\",\"@id\":\"https:\\\/\\\/www.paratime.vn\\\/en\\\/pricing\\\/#breadcrumb\",\"itemListElement\":[{\"@type\":\"ListItem\",\"position\":1,\"name\":\"Home\",\"item\":\"https:\\\/\\\/www.paratime.vn\\\/en\\\/\"},{\"@type\":\"ListItem\",\"position\":2,\"name\":\"Pricing\"}]},{\"@type\":\"WebSite\",\"@id\":\"https:\\\/\\\/www.paratime.vn\\\/en\\\/#website\",\"url\":\"https:\\\/\\\/www.paratime.vn\\\/en\\\/\",\"name\":\"Paratime Studio\",\"description\":\"Ch\u1ee5p \u1ea3nh Ch\u00e2n dung, Doanh nghi\u1ec7p v\u00e0 S\u1ef1 ki\u1ec7n\",\"publisher\":{\"@id\":\"https:\\\/\\\/www.paratime.vn\\\/en\\\/#organization\"},\"potentialAction\":[{\"@type\":\"SearchAction\",\"target\":{\"@type\":\"EntryPoint\",\"urlTemplate\":\"https:\\\/\\\/www.paratime.vn\\\/en\\\/?s={search_term_string}\"},\"query-input\":{\"@type\":\"PropertyValueSpecification\",\"valueRequired\":true,\"valueName\":\"search_term_string\"}}],\"inLanguage\":\"en-US\"},{\"@type\":\"Organization\",\"@id\":\"https:\\\/\\\/www.paratime.vn\\\/en\\\/#organization\",\"name\":\"Paratime Studio\",\"url\":\"https:\\\/\\\/www.paratime.vn\\\/en\\\/\",\"logo\":{\"@type\":\"ImageObject\",\"inLanguage\":\"en-US\",\"@id\":\"https:\\\/\\\/www.paratime.vn\\\/en\\\/#\\\/schema\\\/logo\\\/image\\\/\",\"url\":\"https:\\\/\\\/www.paratime.vn\\\/wp-content\\\/uploads\\\/2020\\\/09\\\/Paratime-Logo.png\",\"contentUrl\":\"https:\\\/\\\/www.paratime.vn\\\/wp-content\\\/uploads\\\/2020\\\/09\\\/Paratime-Logo.png\",\"width\":1024,\"height\":1024,\"caption\":\"Paratime Studio\"},\"image\":{\"@id\":\"https:\\\/\\\/www.paratime.vn\\\/en\\\/#\\\/schema\\\/logo\\\/image\\\/\"}}]}<\/script>\n<!-- \/ Yoast SEO plugin. -->","yoast_head_json":{"title":"Price list for professional photography services - Paratime Studio","description":"Price list of Paratime Studio's main services: Professional Portrait, Corporate Photography and Event Photography.","robots":{"index":"index","follow":"follow","max-snippet":"max-snippet:-1","max-image-preview":"max-image-preview:large","max-video-preview":"max-video-preview:-1"},"canonical":"https:\/\/www.paratime.vn\/en\/pricing\/","og_locale":"en_US","og_type":"article","og_title":"Price list for professional photography services - Paratime Studio","og_description":"Price list of Paratime Studio's main services: Professional Portrait, Corporate Photography and Event Photography.","og_url":"https:\/\/www.paratime.vn\/en\/pricing\/","og_site_name":"Paratime Studio","article_modified_time":"2025-06-19T06:12:32+00:00","og_image":[{"width":1440,"height":900,"url":"http:\/\/www.paratime.vn\/wp-content\/uploads\/2020\/09\/paratime.vn-about-1.jpg","type":"image\/jpeg"}],"twitter_card":"summary_large_image","twitter_misc":{"Est. reading time":"2 minutes"},"schema":{"@context":"https:\/\/schema.org","@graph":[{"@type":"WebPage","@id":"https:\/\/www.paratime.vn\/en\/pricing\/","url":"https:\/\/www.paratime.vn\/en\/pricing\/","name":"Price list for professional photography services - Paratime Studio","isPartOf":{"@id":"https:\/\/www.paratime.vn\/en\/#website"},"primaryImageOfPage":{"@id":"https:\/\/www.paratime.vn\/en\/pricing\/#primaryimage"},"image":{"@id":"https:\/\/www.paratime.vn\/en\/pricing\/#primaryimage"},"thumbnailUrl":"https:\/\/www.paratime.vn\/wp-content\/uploads\/2020\/09\/paratime.vn-about-1.jpg","datePublished":"2016-02-16T23:34:53+00:00","dateModified":"2025-06-19T06:12:32+00:00","description":"Price list of Paratime Studio's main services: Professional Portrait, Corporate Photography and Event Photography.","breadcrumb":{"@id":"https:\/\/www.paratime.vn\/en\/pricing\/#breadcrumb"},"inLanguage":"en-US","potentialAction":[{"@type":"ReadAction","target":["https:\/\/www.paratime.vn\/en\/pricing\/"]}]},{"@type":"ImageObject","inLanguage":"en-US","@id":"https:\/\/www.paratime.vn\/en\/pricing\/#primaryimage","url":"https:\/\/www.paratime.vn\/wp-content\/uploads\/2020\/09\/paratime.vn-about-1.jpg","contentUrl":"https:\/\/www.paratime.vn\/wp-content\/uploads\/2020\/09\/paratime.vn-about-1.jpg","width":1440,"height":900},{"@type":"BreadcrumbList","@id":"https:\/\/www.paratime.vn\/en\/pricing\/#breadcrumb","itemListElement":[{"@type":"ListItem","position":1,"name":"Home","item":"https:\/\/www.paratime.vn\/en\/"},{"@type":"ListItem","position":2,"name":"Pricing"}]},{"@type":"WebSite","@id":"https:\/\/www.paratime.vn\/en\/#website","url":"https:\/\/www.paratime.vn\/en\/","name":"Paratime Studio","description":"Ch\u1ee5p \u1ea3nh Ch\u00e2n dung, Doanh nghi\u1ec7p v\u00e0 S\u1ef1 ki\u1ec7n","publisher":{"@id":"https:\/\/www.paratime.vn\/en\/#organization"},"potentialAction":[{"@type":"SearchAction","target":{"@type":"EntryPoint","urlTemplate":"https:\/\/www.paratime.vn\/en\/?s={search_term_string}"},"query-input":{"@type":"PropertyValueSpecification","valueRequired":true,"valueName":"search_term_string"}}],"inLanguage":"en-US"},{"@type":"Organization","@id":"https:\/\/www.paratime.vn\/en\/#organization","name":"Paratime Studio","url":"https:\/\/www.paratime.vn\/en\/","logo":{"@type":"ImageObject","inLanguage":"en-US","@id":"https:\/\/www.paratime.vn\/en\/#\/schema\/logo\/image\/","url":"https:\/\/www.paratime.vn\/wp-content\/uploads\/2020\/09\/Paratime-Logo.png","contentUrl":"https:\/\/www.paratime.vn\/wp-content\/uploads\/2020\/09\/Paratime-Logo.png","width":1024,"height":1024,"caption":"Paratime Studio"},"image":{"@id":"https:\/\/www.paratime.vn\/en\/#\/schema\/logo\/image\/"}}]}},"jetpack-related-posts":[{"id":11327,"url":"https:\/\/www.paratime.vn\/en\/corporate-portraits\/","url_meta":{"origin":11337,"position":0},"title":"Professional Portraits","author":"Ph\u1ea1m Th\u00e0nh Long","date":"06.10.2017","format":false,"excerpt":"","rel":"","context":"Similar post","block_context":{"text":"Similar post","link":""},"img":{"alt_text":"Photo by Paratime Studio","src":"https:\/\/i0.wp.com\/www.paratime.vn\/wp-content\/uploads\/2020\/12\/paratime.vn-fp-202012-1.jpg?resize=350%2C200&ssl=1","width":350,"height":200,"srcset":"https:\/\/i0.wp.com\/www.paratime.vn\/wp-content\/uploads\/2020\/12\/paratime.vn-fp-202012-1.jpg?resize=350%2C200&ssl=1 1x, https:\/\/i0.wp.com\/www.paratime.vn\/wp-content\/uploads\/2020\/12\/paratime.vn-fp-202012-1.jpg?resize=525%2C300&ssl=1 1.5x, https:\/\/i0.wp.com\/www.paratime.vn\/wp-content\/uploads\/2020\/12\/paratime.vn-fp-202012-1.jpg?resize=700%2C400&ssl=1 2x, https:\/\/i0.wp.com\/www.paratime.vn\/wp-content\/uploads\/2020\/12\/paratime.vn-fp-202012-1.jpg?resize=1050%2C600&ssl=1 3x, https:\/\/i0.wp.com\/www.paratime.vn\/wp-content\/uploads\/2020\/12\/paratime.vn-fp-202012-1.jpg?resize=1400%2C800&ssl=1 4x"},"classes":[]},{"id":2,"url":"https:\/\/www.paratime.vn\/pricing\/","url_meta":{"origin":11337,"position":1},"title":"B\u1ea3ng gi\u00e1","author":"Ph\u1ea1m Th\u00e0nh Long","date":"17.02.2016","format":false,"excerpt":"","rel":"","context":"Similar post","block_context":{"text":"Similar post","link":""},"img":{"alt_text":"Gi\u1edbi thi\u1ec7u Paratime Studio","src":"https:\/\/i0.wp.com\/www.paratime.vn\/wp-content\/uploads\/2020\/09\/paratime.vn-about-1.jpg?resize=350%2C200&ssl=1","width":350,"height":200,"srcset":"https:\/\/i0.wp.com\/www.paratime.vn\/wp-content\/uploads\/2020\/09\/paratime.vn-about-1.jpg?resize=350%2C200&ssl=1 1x, https:\/\/i0.wp.com\/www.paratime.vn\/wp-content\/uploads\/2020\/09\/paratime.vn-about-1.jpg?resize=525%2C300&ssl=1 1.5x, https:\/\/i0.wp.com\/www.paratime.vn\/wp-content\/uploads\/2020\/09\/paratime.vn-about-1.jpg?resize=700%2C400&ssl=1 2x, https:\/\/i0.wp.com\/www.paratime.vn\/wp-content\/uploads\/2020\/09\/paratime.vn-about-1.jpg?resize=1050%2C600&ssl=1 3x, https:\/\/i0.wp.com\/www.paratime.vn\/wp-content\/uploads\/2020\/09\/paratime.vn-about-1.jpg?resize=1400%2C800&ssl=1 4x"},"classes":[]},{"id":4720,"url":"https:\/\/www.paratime.vn\/pricing\/noncommercial-portraits\/","url_meta":{"origin":11337,"position":2},"title":"Ch\u1ee5p \u1ea3nh ch\u00e2n dung l\u01b0u ni\u1ec7m","author":"Ph\u1ea1m Th\u00e0nh Long","date":"06.02.2017","format":false,"excerpt":"","rel":"","context":"Similar post","block_context":{"text":"Similar post","link":""},"img":{"alt_text":"Photo by Paratime Studio","src":"https:\/\/i0.wp.com\/www.paratime.vn\/wp-content\/uploads\/2016\/02\/timestudio.vn-portraits-11.jpg?resize=350%2C200&ssl=1","width":350,"height":200,"srcset":"https:\/\/i0.wp.com\/www.paratime.vn\/wp-content\/uploads\/2016\/02\/timestudio.vn-portraits-11.jpg?resize=350%2C200&ssl=1 1x, https:\/\/i0.wp.com\/www.paratime.vn\/wp-content\/uploads\/2016\/02\/timestudio.vn-portraits-11.jpg?resize=525%2C300&ssl=1 1.5x, https:\/\/i0.wp.com\/www.paratime.vn\/wp-content\/uploads\/2016\/02\/timestudio.vn-portraits-11.jpg?resize=700%2C400&ssl=1 2x, https:\/\/i0.wp.com\/www.paratime.vn\/wp-content\/uploads\/2016\/02\/timestudio.vn-portraits-11.jpg?resize=1050%2C600&ssl=1 3x, https:\/\/i0.wp.com\/www.paratime.vn\/wp-content\/uploads\/2016\/02\/timestudio.vn-portraits-11.jpg?resize=1400%2C800&ssl=1 4x"},"classes":[]},{"id":11328,"url":"https:\/\/www.paratime.vn\/en\/pricing\/noncommercial-portraits\/","url_meta":{"origin":11337,"position":3},"title":"Ch\u1ee5p \u1ea3nh ch\u00e2n dung l\u01b0u ni\u1ec7m","author":"Ph\u1ea1m Th\u00e0nh Long","date":"06.02.2017","format":false,"excerpt":"","rel":"","context":"Similar post","block_context":{"text":"Similar post","link":""},"img":{"alt_text":"","src":"https:\/\/i0.wp.com\/www.paratime.vn\/wp-content\/uploads\/2016\/02\/timestudio.vn-portraits-11.jpg?resize=350%2C200&ssl=1","width":350,"height":200,"srcset":"https:\/\/i0.wp.com\/www.paratime.vn\/wp-content\/uploads\/2016\/02\/timestudio.vn-portraits-11.jpg?resize=350%2C200&ssl=1 1x, https:\/\/i0.wp.com\/www.paratime.vn\/wp-content\/uploads\/2016\/02\/timestudio.vn-portraits-11.jpg?resize=525%2C300&ssl=1 1.5x, https:\/\/i0.wp.com\/www.paratime.vn\/wp-content\/uploads\/2016\/02\/timestudio.vn-portraits-11.jpg?resize=700%2C400&ssl=1 2x, https:\/\/i0.wp.com\/www.paratime.vn\/wp-content\/uploads\/2016\/02\/timestudio.vn-portraits-11.jpg?resize=1050%2C600&ssl=1 3x, https:\/\/i0.wp.com\/www.paratime.vn\/wp-content\/uploads\/2016\/02\/timestudio.vn-portraits-11.jpg?resize=1400%2C800&ssl=1 4x"},"classes":[]},{"id":5012,"url":"https:\/\/www.paratime.vn\/corporate-portraits\/","url_meta":{"origin":11337,"position":4},"title":"Ch\u00e2n dung chuy\u00ean nghi\u1ec7p","author":"Ph\u1ea1m Th\u00e0nh Long","date":"06.10.2017","format":false,"excerpt":"","rel":"","context":"Similar post","block_context":{"text":"Similar post","link":""},"img":{"alt_text":"","src":"https:\/\/i0.wp.com\/www.paratime.vn\/wp-content\/uploads\/2017\/10\/timestudio.vn-corporate-portrait-003.jpg?resize=350%2C200&ssl=1","width":350,"height":200,"srcset":"https:\/\/i0.wp.com\/www.paratime.vn\/wp-content\/uploads\/2017\/10\/timestudio.vn-corporate-portrait-003.jpg?resize=350%2C200&ssl=1 1x, https:\/\/i0.wp.com\/www.paratime.vn\/wp-content\/uploads\/2017\/10\/timestudio.vn-corporate-portrait-003.jpg?resize=525%2C300&ssl=1 1.5x, https:\/\/i0.wp.com\/www.paratime.vn\/wp-content\/uploads\/2017\/10\/timestudio.vn-corporate-portrait-003.jpg?resize=700%2C400&ssl=1 2x, https:\/\/i0.wp.com\/www.paratime.vn\/wp-content\/uploads\/2017\/10\/timestudio.vn-corporate-portrait-003.jpg?resize=1050%2C600&ssl=1 3x, https:\/\/i0.wp.com\/www.paratime.vn\/wp-content\/uploads\/2017\/10\/timestudio.vn-corporate-portrait-003.jpg?resize=1400%2C800&ssl=1 4x"},"classes":[]},{"id":11280,"url":"https:\/\/www.paratime.vn\/en\/","url_meta":{"origin":11337,"position":5},"title":"Paratime Studio \u2013 Portrait, Corporate and Event Photography","author":"Ph\u1ea1m Th\u00e0nh Long","date":"12.06.2015","format":false,"excerpt":"","rel":"","context":"Similar post","block_context":{"text":"Similar post","link":""},"img":{"alt_text":"Paratime Studio","src":"https:\/\/i0.wp.com\/www.paratime.vn\/wp-content\/uploads\/2020\/09\/Paratime-Feature-Image.png?resize=350%2C200&ssl=1","width":350,"height":200,"srcset":"https:\/\/i0.wp.com\/www.paratime.vn\/wp-content\/uploads\/2020\/09\/Paratime-Feature-Image.png?resize=350%2C200&ssl=1 1x, https:\/\/i0.wp.com\/www.paratime.vn\/wp-content\/uploads\/2020\/09\/Paratime-Feature-Image.png?resize=525%2C300&ssl=1 1.5x, https:\/\/i0.wp.com\/www.paratime.vn\/wp-content\/uploads\/2020\/09\/Paratime-Feature-Image.png?resize=700%2C400&ssl=1 2x, https:\/\/i0.wp.com\/www.paratime.vn\/wp-content\/uploads\/2020\/09\/Paratime-Feature-Image.png?resize=1050%2C600&ssl=1 3x, https:\/\/i0.wp.com\/www.paratime.vn\/wp-content\/uploads\/2020\/09\/Paratime-Feature-Image.png?resize=1400%2C800&ssl=1 4x"},"classes":[]}],"jetpack_sharing_enabled":true,"_links":{"self":[{"href":"https:\/\/www.paratime.vn\/en\/wp-json\/wp\/v2\/pages\/11337","targetHints":{"allow":["GET"]}}],"collection":[{"href":"https:\/\/www.paratime.vn\/en\/wp-json\/wp\/v2\/pages"}],"about":[{"href":"https:\/\/www.paratime.vn\/en\/wp-json\/wp\/v2\/types\/page"}],"author":[{"embeddable":true,"href":"https:\/\/www.paratime.vn\/en\/wp-json\/wp\/v2\/users\/1"}],"replies":[{"embeddable":true,"href":"https:\/\/www.paratime.vn\/en\/wp-json\/wp\/v2\/comments?post=11337"}],"version-history":[{"count":10,"href":"https:\/\/www.paratime.vn\/en\/wp-json\/wp\/v2\/pages\/11337\/revisions"}],"predecessor-version":[{"id":12741,"href":"https:\/\/www.paratime.vn\/en\/wp-json\/wp\/v2\/pages\/11337\/revisions\/12741"}],"wp:featuredmedia":[{"embeddable":true,"href":"https:\/\/www.paratime.vn\/en\/wp-json\/wp\/v2\/media\/11207"}],"wp:attachment":[{"href":"https:\/\/www.paratime.vn\/en\/wp-json\/wp\/v2\/media?parent=11337"}],"curies":[{"name":"wp","href":"https:\/\/api.w.org\/{rel}","templated":true}]}}