{"id":11339,"date":"2015-06-09T14:42:56","date_gmt":"2015-06-09T07:42:56","guid":{"rendered":"https:\/\/www.paratime.vn\/blog\/"},"modified":"2021-06-08T23:57:48","modified_gmt":"2021-06-08T16:57:48","slug":"blog","status":"publish","type":"page","link":"https:\/\/www.paratime.vn\/en\/blog\/","title":{"rendered":"Blog"},"content":{"rendered":"<section class=\"l-section wpb_row height_large color_secondary\"><div class=\"l-section-h i-cf\"><div class=\"g-cols vc_row via_flex valign_middle type_default stacking_default\"><div class=\"vc_col-sm-12 wpb_column vc_column_container\"><div class=\"vc_column-inner\"><div class=\"wpb_wrapper\"><h1 class=\"w-post-elm post_title us_custom_62fa932f align_center entry-title color_link_inherit\">Blog<\/h1><div class=\"wpb_text_column us_custom_5c07cc07\"><div class=\"wpb_wrapper\"><p style=\"text-align: center;\">Information and experiences for clients as well as photographers in regard to photography and photo use<\/p>\n<\/div><\/div><\/div><\/div><\/div><\/div><\/div><\/section><section class=\"l-section wpb_row height_medium\"><div class=\"l-section-h i-cf\"><div class=\"g-cols vc_row via_flex valign_top type_default stacking_default\"><div class=\"vc_col-sm-12 wpb_column vc_column_container\"><div class=\"vc_column-inner\"><div class=\"wpb_wrapper\"><div class=\"w-grid us_grid with_filters type_grid layout_5458 cols_2 pagination_infinite overflow_hidden preload_style_spinner\" id=\"us_grid_1\" style=\"--columns:2;--gap:1rem;\"><style>@media (max-width:600px){#us_grid_1{--columns:1!important}}.layout_5458 .w-grid-item-h{background:#ffffff;box-shadow:0 0rem 0rem rgba(0,0,0,0.1),0 0rem 0rem rgba(0,0,0,0.1);transition-duration:0.3s}.no-touch .layout_5458 .w-grid-item-h:hover{box-shadow:0 0.15rem 0.3rem rgba(0,0,0,0.1),0 0.5rem 1.5rem rgba(0,0,0,0.15);z-index:4}.layout_5458 .usg_post_title_1{font-family:var(--font-family)!important;font-size:1.2rem!important}.layout_5458 .usg_hwrapper_2{color:#aaaaaa!important}.layout_5458 .usg_post_content_1{font-family:var(--font-family)!important}.layout_5458 .usg_post_date_1{font-family:var(--font-family)!important;font-size:0.9rem!important}.layout_5458 .usg_vwrapper_1{padding:1.5rem 2.5rem 2.5rem 2.5rem!important}<\/style><div class=\"g-filters style_2 align_center\"><button class=\"g-filters-item active\" data-taxonomy=\"*\"><span>All<\/span><\/button><button class=\"g-filters-item\" data-taxonomy=\"for-customers-en\" data-amount=\"1\"><span>For Clients<\/span><span class=\"g-filters-item-amount\">1<\/span><\/button><\/div><div class=\"w-grid-list\" data-filter_taxonomy_name=\"category\" data-filter_default_taxonomies=\"for-customers,for-photographers\">\t<article class=\"w-grid-item size_1x1 post-11517 post type-post status-publish format-standard has-post-thumbnail hentry category-for-customers-en tag-time-studio-en\" data-id=\"11517\">\r\n\t\t<div class=\"w-grid-item-h\">\r\n\t\t\t\t\t\t<div class=\"w-post-elm post_image usg_post_image_1 stretched\"><a href=\"https:\/\/www.paratime.vn\/en\/hello-world\/\" aria-label=\"Hello World\"><img loading=\"lazy\" decoding=\"async\" width=\"600\" height=\"400\" src=\"https:\/\/www.paratime.vn\/wp-content\/uploads\/2020\/09\/paratime.vn-200923-02-600x400.jpg\" class=\"attachment-us_600_400_crop size-us_600_400_crop wp-post-image\" alt=\"Paratime Studio is the new brand name of TIME Studio\" \/><\/a><\/div><div class=\"w-vwrapper usg_vwrapper_1 align_center valign_top\"><h2 class=\"w-post-elm post_title usg_post_title_1 entry-title color_link_inherit\"><a href=\"https:\/\/www.paratime.vn\/en\/hello-world\/\">Hello World<\/a><\/h2><div class=\"w-hwrapper usg_hwrapper_2 has_text_color align_center valign_top wrap\"><time class=\"w-post-elm post_date usg_post_date_1 entry-date published\" datetime=\"2016-02-17T06:34:53+07:00\"><i class=\"far fa-clock\"><\/i>17.02.2016<\/time><\/div><div class=\"w-post-elm post_content usg_post_content_1\"><p>Paratime is a photography studio based in Hanoi. Our services include professional portrait, corporate photography and event photography.<\/p>\n<\/div><\/div>\t\t<\/div>\r\n\t\t\t<\/article>\r\n<\/div>\t<div class=\"w-grid-preloader\">\r\n\t\t<div class=\"g-preloader type_3\">\r\n\t\t\t<div><\/div>\r\n\t\t<\/div>\r\n\t<\/div>\r\n\t\t<div class=\"w-grid-json hidden\" onclick='return {&quot;action&quot;:&quot;us_ajax_grid&quot;,&quot;infinite_scroll&quot;:0,&quot;max_num_pages&quot;:1,&quot;pagination&quot;:&quot;infinite&quot;,&quot;template_vars&quot;:{&quot;columns&quot;:&quot;2&quot;,&quot;exclude_items&quot;:&quot;none&quot;,&quot;img_size&quot;:&quot;us_600_400_crop&quot;,&quot;ignore_items_size&quot;:0,&quot;items_layout&quot;:&quot;5458&quot;,&quot;items_offset&quot;:&quot;1&quot;,&quot;load_animation&quot;:&quot;none&quot;,&quot;overriding_link&quot;:&quot;{\\&quot;url\\&quot;:\\&quot;\\&quot;}&quot;,&quot;post_id&quot;:0,&quot;query_args&quot;:{&quot;post_type&quot;:[&quot;post&quot;],&quot;tax_query&quot;:[{&quot;taxonomy&quot;:&quot;category&quot;,&quot;field&quot;:&quot;slug&quot;,&quot;terms&quot;:[&quot;for-customers&quot;,&quot;for-photographers&quot;]}],&quot;post_status&quot;:[&quot;publish&quot;],&quot;posts_per_page&quot;:&quot;6&quot;},&quot;orderby_query_args&quot;:{&quot;orderby&quot;:{&quot;date&quot;:&quot;DESC&quot;}},&quot;type&quot;:&quot;grid&quot;,&quot;us_grid_post_type&quot;:&quot;post&quot;,&quot;us_grid_ajax_index&quot;:1,&quot;us_grid_filter_query_string&quot;:null,&quot;us_grid_index&quot;:1,&quot;page_args&quot;:[],&quot;lang&quot;:&quot;en&quot;}}'><\/div>\r\n\t<\/div><\/div><\/div><\/div><\/div><\/div><\/section><section class=\"l-section wpb_row height_medium\"><div class=\"l-section-h i-cf\"><div class=\"g-cols vc_row via_flex valign_top type_default stacking_default\"><div class=\"vc_col-sm-12 wpb_column vc_column_container\"><div class=\"vc_column-inner\"><div class=\"wpb_wrapper\"><div class=\"wpb_widgetised_column wpb_content_element\"><div class=\"wpb_wrapper\"><div id=\"blog_subscription-3\" class=\"widget widget_blog_subscription jetpack_subscription_widget\"><h3 class=\"widgettitle\">\u0110\u0103ng k\u00ed theo d\u00f5i<\/h3>\n\t\t\t<div class=\"wp-block-jetpack-subscriptions__container\">\n\t\t\t<form action=\"#\" method=\"post\" accept-charset=\"utf-8\" id=\"subscribe-blog-blog_subscription-3\"\n\t\t\t\tdata-blog=\"182872475\"\n\t\t\t\tdata-post_access_level=\"everybody\" >\n\t\t\t\t\t\t\t\t\t<div id=\"subscribe-text\"><p>Nh\u1eadp \u0111\u1ecba ch\u1ec9 th\u01b0 \u0111i\u1ec7n t\u1eed c\u1ee7a b\u1ea1n \u0111\u1ec3 nh\u1eadn th\u00f4ng b\u00e1o v\u1ec1 b\u00e0i m\u1edbi<\/p>\n<\/div>\n\t\t\t\t\t\t\t\t\t\t<p id=\"subscribe-email\">\n\t\t\t\t\t\t<label id=\"jetpack-subscribe-label\"\n\t\t\t\t\t\t\tclass=\"screen-reader-text\"\n\t\t\t\t\t\t\tfor=\"subscribe-field-blog_subscription-3\">\n\t\t\t\t\t\t\t\u0110\u1ecba ch\u1ec9 th\u01b0 \u0111i\u1ec7n t\u1eed\t\t\t\t\t\t<\/label>\n\t\t\t\t\t\t<input type=\"email\" name=\"email\" autocomplete=\"email\" required=\"required\"\n\t\t\t\t\t\t\t\t\t\t\t\t\t\t\t\t\t\t\t\t\tvalue=\"\"\n\t\t\t\t\t\t\tid=\"subscribe-field-blog_subscription-3\"\n\t\t\t\t\t\t\tplaceholder=\"\u0110\u1ecba ch\u1ec9 th\u01b0 \u0111i\u1ec7n t\u1eed\"\n\t\t\t\t\t\t\/>\n\t\t\t\t\t<\/p>\n\n\t\t\t\t\t<p id=\"subscribe-submit\"\n\t\t\t\t\t\t\t\t\t\t\t>\n\t\t\t\t\t\t<input type=\"hidden\" name=\"action\" value=\"subscribe\"\/>\n\t\t\t\t\t\t<input type=\"hidden\" name=\"source\" value=\"https:\/\/www.paratime.vn\/en\/wp-json\/wp\/v2\/pages\/11339\"\/>\n\t\t\t\t\t\t<input type=\"hidden\" name=\"sub-type\" value=\"widget\"\/>\n\t\t\t\t\t\t<input type=\"hidden\" name=\"redirect_fragment\" value=\"subscribe-blog-blog_subscription-3\"\/>\n\t\t\t\t\t\t<input type=\"hidden\" id=\"_wpnonce\" name=\"_wpnonce\" value=\"1b9716dce7\" \/><input type=\"hidden\" name=\"_wp_http_referer\" value=\"\/en\/wp-json\/wp\/v2\/pages\/11339\" \/>\t\t\t\t\t\t<button type=\"submit\"\n\t\t\t\t\t\t\t\t\t\t\t\t\t\t\tclass=\"wp-block-button__link\"\n\t\t\t\t\t\t\t\t\t\t\t\t\t\t\t\t\t\t\t\t\tname=\"jetpack_subscriptions_widget\"\n\t\t\t\t\t\t>\n\t\t\t\t\t\t\t\u0110\u0103ng k\u00ed\t\t\t\t\t\t<\/button>\n\t\t\t\t\t<\/p>\n\t\t\t\t\t\t\t<\/form>\n\t\t\t\t\t\t<\/div>\n\t\t\t\n<\/div><\/div><\/div><\/div><\/div><\/div><\/div><\/div><\/section>\n","protected":false},"excerpt":{"rendered":"Welcome to Paratime Studio! Paratime is a photography studio based in Hanoi, Vietnam. Our services include professional portrait, corporate photography and event photography. We often cooperate with domestic and international organizations and businesses to create photos for their websites, social networks, media activities, promotion and commerce. In addition, Paratime\u2019s partners are individuals in many different...","protected":false},"author":1,"featured_media":11207,"parent":0,"menu_order":7,"comment_status":"closed","ping_status":"closed","template":"","meta":{"footnotes":""},"class_list":["post-11339","page","type-page","status-publish","has-post-thumbnail","hentry"],"yoast_head":"<!-- This site is optimized with the Yoast SEO plugin v27.5 - https:\/\/yoast.com\/product\/yoast-seo-wordpress\/ -->\n<title>Blog - Paratime Studio<\/title>\n<meta name=\"description\" content=\"Information and experiences for clients as well as photographers in regard to photography and photo usage\" \/>\n<meta name=\"robots\" content=\"index, follow, max-snippet:-1, max-image-preview:large, max-video-preview:-1\" \/>\n<link rel=\"canonical\" href=\"https:\/\/www.paratime.vn\/en\/blog\/\" \/>\n<meta property=\"og:locale\" content=\"en_US\" \/>\n<meta property=\"og:type\" content=\"article\" \/>\n<meta property=\"og:title\" content=\"Blog - Paratime Studio\" \/>\n<meta property=\"og:description\" content=\"Information and experiences for clients as well as photographers in regard to photography and photo usage\" \/>\n<meta property=\"og:url\" content=\"https:\/\/www.paratime.vn\/en\/blog\/\" \/>\n<meta property=\"og:site_name\" content=\"Paratime Studio\" \/>\n<meta property=\"article:modified_time\" content=\"2021-06-08T16:57:48+00:00\" \/>\n<meta property=\"og:image\" content=\"https:\/\/www.paratime.vn\/wp-content\/uploads\/2020\/09\/paratime.vn-about-1.jpg\" \/>\n\t<meta property=\"og:image:width\" content=\"1440\" \/>\n\t<meta property=\"og:image:height\" content=\"900\" \/>\n\t<meta property=\"og:image:type\" content=\"image\/jpeg\" \/>\n<meta name=\"twitter:card\" content=\"summary_large_image\" \/>\n<meta name=\"twitter:label1\" content=\"Est. reading time\" \/>\n\t<meta name=\"twitter:data1\" content=\"1 minute\" \/>\n<script type=\"application\/ld+json\" class=\"yoast-schema-graph\">{\"@context\":\"https:\\\/\\\/schema.org\",\"@graph\":[{\"@type\":\"WebPage\",\"@id\":\"https:\\\/\\\/www.paratime.vn\\\/en\\\/blog\\\/\",\"url\":\"https:\\\/\\\/www.paratime.vn\\\/en\\\/blog\\\/\",\"name\":\"Blog - Paratime Studio\",\"isPartOf\":{\"@id\":\"https:\\\/\\\/www.paratime.vn\\\/en\\\/#website\"},\"primaryImageOfPage\":{\"@id\":\"https:\\\/\\\/www.paratime.vn\\\/en\\\/blog\\\/#primaryimage\"},\"image\":{\"@id\":\"https:\\\/\\\/www.paratime.vn\\\/en\\\/blog\\\/#primaryimage\"},\"thumbnailUrl\":\"https:\\\/\\\/www.paratime.vn\\\/wp-content\\\/uploads\\\/2020\\\/09\\\/paratime.vn-about-1.jpg\",\"datePublished\":\"2015-06-09T07:42:56+00:00\",\"dateModified\":\"2021-06-08T16:57:48+00:00\",\"description\":\"Information and experiences for clients as well as photographers in regard to photography and photo usage\",\"breadcrumb\":{\"@id\":\"https:\\\/\\\/www.paratime.vn\\\/en\\\/blog\\\/#breadcrumb\"},\"inLanguage\":\"en-US\",\"potentialAction\":[{\"@type\":\"ReadAction\",\"target\":[\"https:\\\/\\\/www.paratime.vn\\\/en\\\/blog\\\/\"]}]},{\"@type\":\"ImageObject\",\"inLanguage\":\"en-US\",\"@id\":\"https:\\\/\\\/www.paratime.vn\\\/en\\\/blog\\\/#primaryimage\",\"url\":\"https:\\\/\\\/www.paratime.vn\\\/wp-content\\\/uploads\\\/2020\\\/09\\\/paratime.vn-about-1.jpg\",\"contentUrl\":\"https:\\\/\\\/www.paratime.vn\\\/wp-content\\\/uploads\\\/2020\\\/09\\\/paratime.vn-about-1.jpg\",\"width\":1440,\"height\":900},{\"@type\":\"BreadcrumbList\",\"@id\":\"https:\\\/\\\/www.paratime.vn\\\/en\\\/blog\\\/#breadcrumb\",\"itemListElement\":[{\"@type\":\"ListItem\",\"position\":1,\"name\":\"Home\",\"item\":\"https:\\\/\\\/www.paratime.vn\\\/en\\\/\"},{\"@type\":\"ListItem\",\"position\":2,\"name\":\"Blog\"}]},{\"@type\":\"WebSite\",\"@id\":\"https:\\\/\\\/www.paratime.vn\\\/en\\\/#website\",\"url\":\"https:\\\/\\\/www.paratime.vn\\\/en\\\/\",\"name\":\"Paratime Studio\",\"description\":\"Ch\u1ee5p \u1ea3nh Ch\u00e2n dung, Doanh nghi\u1ec7p v\u00e0 S\u1ef1 ki\u1ec7n\",\"publisher\":{\"@id\":\"https:\\\/\\\/www.paratime.vn\\\/en\\\/#organization\"},\"potentialAction\":[{\"@type\":\"SearchAction\",\"target\":{\"@type\":\"EntryPoint\",\"urlTemplate\":\"https:\\\/\\\/www.paratime.vn\\\/en\\\/?s={search_term_string}\"},\"query-input\":{\"@type\":\"PropertyValueSpecification\",\"valueRequired\":true,\"valueName\":\"search_term_string\"}}],\"inLanguage\":\"en-US\"},{\"@type\":\"Organization\",\"@id\":\"https:\\\/\\\/www.paratime.vn\\\/en\\\/#organization\",\"name\":\"Paratime Studio\",\"url\":\"https:\\\/\\\/www.paratime.vn\\\/en\\\/\",\"logo\":{\"@type\":\"ImageObject\",\"inLanguage\":\"en-US\",\"@id\":\"https:\\\/\\\/www.paratime.vn\\\/en\\\/#\\\/schema\\\/logo\\\/image\\\/\",\"url\":\"https:\\\/\\\/www.paratime.vn\\\/wp-content\\\/uploads\\\/2020\\\/09\\\/Paratime-Logo.png\",\"contentUrl\":\"https:\\\/\\\/www.paratime.vn\\\/wp-content\\\/uploads\\\/2020\\\/09\\\/Paratime-Logo.png\",\"width\":1024,\"height\":1024,\"caption\":\"Paratime Studio\"},\"image\":{\"@id\":\"https:\\\/\\\/www.paratime.vn\\\/en\\\/#\\\/schema\\\/logo\\\/image\\\/\"}}]}<\/script>\n<!-- \/ Yoast SEO plugin. -->","yoast_head_json":{"title":"Blog - Paratime Studio","description":"Information and experiences for clients as well as photographers in regard to photography and photo usage","robots":{"index":"index","follow":"follow","max-snippet":"max-snippet:-1","max-image-preview":"max-image-preview:large","max-video-preview":"max-video-preview:-1"},"canonical":"https:\/\/www.paratime.vn\/en\/blog\/","og_locale":"en_US","og_type":"article","og_title":"Blog - Paratime Studio","og_description":"Information and experiences for clients as well as photographers in regard to photography and photo usage","og_url":"https:\/\/www.paratime.vn\/en\/blog\/","og_site_name":"Paratime Studio","article_modified_time":"2021-06-08T16:57:48+00:00","og_image":[{"width":1440,"height":900,"url":"https:\/\/www.paratime.vn\/wp-content\/uploads\/2020\/09\/paratime.vn-about-1.jpg","type":"image\/jpeg"}],"twitter_card":"summary_large_image","twitter_misc":{"Est. reading time":"1 minute"},"schema":{"@context":"https:\/\/schema.org","@graph":[{"@type":"WebPage","@id":"https:\/\/www.paratime.vn\/en\/blog\/","url":"https:\/\/www.paratime.vn\/en\/blog\/","name":"Blog - Paratime Studio","isPartOf":{"@id":"https:\/\/www.paratime.vn\/en\/#website"},"primaryImageOfPage":{"@id":"https:\/\/www.paratime.vn\/en\/blog\/#primaryimage"},"image":{"@id":"https:\/\/www.paratime.vn\/en\/blog\/#primaryimage"},"thumbnailUrl":"https:\/\/www.paratime.vn\/wp-content\/uploads\/2020\/09\/paratime.vn-about-1.jpg","datePublished":"2015-06-09T07:42:56+00:00","dateModified":"2021-06-08T16:57:48+00:00","description":"Information and experiences for clients as well as photographers in regard to photography and photo usage","breadcrumb":{"@id":"https:\/\/www.paratime.vn\/en\/blog\/#breadcrumb"},"inLanguage":"en-US","potentialAction":[{"@type":"ReadAction","target":["https:\/\/www.paratime.vn\/en\/blog\/"]}]},{"@type":"ImageObject","inLanguage":"en-US","@id":"https:\/\/www.paratime.vn\/en\/blog\/#primaryimage","url":"https:\/\/www.paratime.vn\/wp-content\/uploads\/2020\/09\/paratime.vn-about-1.jpg","contentUrl":"https:\/\/www.paratime.vn\/wp-content\/uploads\/2020\/09\/paratime.vn-about-1.jpg","width":1440,"height":900},{"@type":"BreadcrumbList","@id":"https:\/\/www.paratime.vn\/en\/blog\/#breadcrumb","itemListElement":[{"@type":"ListItem","position":1,"name":"Home","item":"https:\/\/www.paratime.vn\/en\/"},{"@type":"ListItem","position":2,"name":"Blog"}]},{"@type":"WebSite","@id":"https:\/\/www.paratime.vn\/en\/#website","url":"https:\/\/www.paratime.vn\/en\/","name":"Paratime Studio","description":"Ch\u1ee5p \u1ea3nh Ch\u00e2n dung, Doanh nghi\u1ec7p v\u00e0 S\u1ef1 ki\u1ec7n","publisher":{"@id":"https:\/\/www.paratime.vn\/en\/#organization"},"potentialAction":[{"@type":"SearchAction","target":{"@type":"EntryPoint","urlTemplate":"https:\/\/www.paratime.vn\/en\/?s={search_term_string}"},"query-input":{"@type":"PropertyValueSpecification","valueRequired":true,"valueName":"search_term_string"}}],"inLanguage":"en-US"},{"@type":"Organization","@id":"https:\/\/www.paratime.vn\/en\/#organization","name":"Paratime Studio","url":"https:\/\/www.paratime.vn\/en\/","logo":{"@type":"ImageObject","inLanguage":"en-US","@id":"https:\/\/www.paratime.vn\/en\/#\/schema\/logo\/image\/","url":"https:\/\/www.paratime.vn\/wp-content\/uploads\/2020\/09\/Paratime-Logo.png","contentUrl":"https:\/\/www.paratime.vn\/wp-content\/uploads\/2020\/09\/Paratime-Logo.png","width":1024,"height":1024,"caption":"Paratime Studio"},"image":{"@id":"https:\/\/www.paratime.vn\/en\/#\/schema\/logo\/image\/"}}]}},"jetpack-related-posts":[{"id":11280,"url":"https:\/\/www.paratime.vn\/en\/","url_meta":{"origin":11339,"position":0},"title":"Paratime Studio \u2013 Portrait, Corporate and Event Photography","author":"Ph\u1ea1m Th\u00e0nh Long","date":"12.06.2015","format":false,"excerpt":"","rel":"","context":"Similar post","block_context":{"text":"Similar post","link":""},"img":{"alt_text":"Paratime Studio","src":"https:\/\/i0.wp.com\/www.paratime.vn\/wp-content\/uploads\/2020\/09\/Paratime-Feature-Image.png?resize=350%2C200&ssl=1","width":350,"height":200,"srcset":"https:\/\/i0.wp.com\/www.paratime.vn\/wp-content\/uploads\/2020\/09\/Paratime-Feature-Image.png?resize=350%2C200&ssl=1 1x, https:\/\/i0.wp.com\/www.paratime.vn\/wp-content\/uploads\/2020\/09\/Paratime-Feature-Image.png?resize=525%2C300&ssl=1 1.5x, https:\/\/i0.wp.com\/www.paratime.vn\/wp-content\/uploads\/2020\/09\/Paratime-Feature-Image.png?resize=700%2C400&ssl=1 2x, https:\/\/i0.wp.com\/www.paratime.vn\/wp-content\/uploads\/2020\/09\/Paratime-Feature-Image.png?resize=1050%2C600&ssl=1 3x, https:\/\/i0.wp.com\/www.paratime.vn\/wp-content\/uploads\/2020\/09\/Paratime-Feature-Image.png?resize=1400%2C800&ssl=1 4x"},"classes":[]},{"id":30,"url":"https:\/\/www.paratime.vn\/blog\/","url_meta":{"origin":11339,"position":1},"title":"B\u00e0i vi\u1ebft","author":"Ph\u1ea1m Th\u00e0nh Long","date":"09.06.2015","format":false,"excerpt":"","rel":"","context":"Similar post","block_context":{"text":"Similar post","link":""},"img":{"alt_text":"Gi\u1edbi thi\u1ec7u Paratime Studio","src":"https:\/\/i0.wp.com\/www.paratime.vn\/wp-content\/uploads\/2020\/09\/paratime.vn-about-1.jpg?resize=350%2C200&ssl=1","width":350,"height":200,"srcset":"https:\/\/i0.wp.com\/www.paratime.vn\/wp-content\/uploads\/2020\/09\/paratime.vn-about-1.jpg?resize=350%2C200&ssl=1 1x, https:\/\/i0.wp.com\/www.paratime.vn\/wp-content\/uploads\/2020\/09\/paratime.vn-about-1.jpg?resize=525%2C300&ssl=1 1.5x, https:\/\/i0.wp.com\/www.paratime.vn\/wp-content\/uploads\/2020\/09\/paratime.vn-about-1.jpg?resize=700%2C400&ssl=1 2x, https:\/\/i0.wp.com\/www.paratime.vn\/wp-content\/uploads\/2020\/09\/paratime.vn-about-1.jpg?resize=1050%2C600&ssl=1 3x, https:\/\/i0.wp.com\/www.paratime.vn\/wp-content\/uploads\/2020\/09\/paratime.vn-about-1.jpg?resize=1400%2C800&ssl=1 4x"},"classes":[]},{"id":11337,"url":"https:\/\/www.paratime.vn\/en\/pricing\/","url_meta":{"origin":11339,"position":2},"title":"Pricing","author":"Ph\u1ea1m Th\u00e0nh Long","date":"17.02.2016","format":false,"excerpt":"","rel":"","context":"Similar post","block_context":{"text":"Similar post","link":""},"img":{"alt_text":"","src":"https:\/\/i0.wp.com\/www.paratime.vn\/wp-content\/uploads\/2020\/09\/paratime.vn-about-1.jpg?resize=350%2C200&ssl=1","width":350,"height":200,"srcset":"https:\/\/i0.wp.com\/www.paratime.vn\/wp-content\/uploads\/2020\/09\/paratime.vn-about-1.jpg?resize=350%2C200&ssl=1 1x, https:\/\/i0.wp.com\/www.paratime.vn\/wp-content\/uploads\/2020\/09\/paratime.vn-about-1.jpg?resize=525%2C300&ssl=1 1.5x, https:\/\/i0.wp.com\/www.paratime.vn\/wp-content\/uploads\/2020\/09\/paratime.vn-about-1.jpg?resize=700%2C400&ssl=1 2x, https:\/\/i0.wp.com\/www.paratime.vn\/wp-content\/uploads\/2020\/09\/paratime.vn-about-1.jpg?resize=1050%2C600&ssl=1 3x, https:\/\/i0.wp.com\/www.paratime.vn\/wp-content\/uploads\/2020\/09\/paratime.vn-about-1.jpg?resize=1400%2C800&ssl=1 4x"},"classes":[]},{"id":11316,"url":"https:\/\/www.paratime.vn\/en\/searching\/","url_meta":{"origin":11339,"position":3},"title":"Search","author":"Ph\u1ea1m Th\u00e0nh Long","date":"15.12.2019","format":false,"excerpt":"","rel":"","context":"Similar post","block_context":{"text":"Similar post","link":""},"img":{"alt_text":"","src":"","width":0,"height":0},"classes":[]},{"id":9264,"url":"https:\/\/www.paratime.vn\/searching\/","url_meta":{"origin":11339,"position":4},"title":"T\u00ecm ki\u1ebfm","author":"Ph\u1ea1m Th\u00e0nh Long","date":"15.12.2019","format":false,"excerpt":"","rel":"","context":"Similar post","block_context":{"text":"Similar post","link":""},"img":{"alt_text":"","src":"","width":0,"height":0},"classes":[]},{"id":371,"url":"https:\/\/www.paratime.vn\/home\/","url_meta":{"origin":11339,"position":5},"title":"Paratime Studio \u2013 Ch\u1ee5p \u1ea3nh Ch\u00e2n dung, Doanh nghi\u1ec7p v\u00e0 S\u1ef1 ki\u1ec7n","author":"Ph\u1ea1m Th\u00e0nh Long","date":"12.06.2015","format":false,"excerpt":"","rel":"","context":"Similar post","block_context":{"text":"Similar post","link":""},"img":{"alt_text":"Paratime Studio","src":"https:\/\/i0.wp.com\/www.paratime.vn\/wp-content\/uploads\/2020\/09\/Paratime-Feature-Image.png?resize=350%2C200&ssl=1","width":350,"height":200,"srcset":"https:\/\/i0.wp.com\/www.paratime.vn\/wp-content\/uploads\/2020\/09\/Paratime-Feature-Image.png?resize=350%2C200&ssl=1 1x, https:\/\/i0.wp.com\/www.paratime.vn\/wp-content\/uploads\/2020\/09\/Paratime-Feature-Image.png?resize=525%2C300&ssl=1 1.5x, https:\/\/i0.wp.com\/www.paratime.vn\/wp-content\/uploads\/2020\/09\/Paratime-Feature-Image.png?resize=700%2C400&ssl=1 2x, https:\/\/i0.wp.com\/www.paratime.vn\/wp-content\/uploads\/2020\/09\/Paratime-Feature-Image.png?resize=1050%2C600&ssl=1 3x, https:\/\/i0.wp.com\/www.paratime.vn\/wp-content\/uploads\/2020\/09\/Paratime-Feature-Image.png?resize=1400%2C800&ssl=1 4x"},"classes":[]}],"jetpack_sharing_enabled":true,"_links":{"self":[{"href":"https:\/\/www.paratime.vn\/en\/wp-json\/wp\/v2\/pages\/11339","targetHints":{"allow":["GET"]}}],"collection":[{"href":"https:\/\/www.paratime.vn\/en\/wp-json\/wp\/v2\/pages"}],"about":[{"href":"https:\/\/www.paratime.vn\/en\/wp-json\/wp\/v2\/types\/page"}],"author":[{"embeddable":true,"href":"https:\/\/www.paratime.vn\/en\/wp-json\/wp\/v2\/users\/1"}],"replies":[{"embeddable":true,"href":"https:\/\/www.paratime.vn\/en\/wp-json\/wp\/v2\/comments?post=11339"}],"version-history":[{"count":0,"href":"https:\/\/www.paratime.vn\/en\/wp-json\/wp\/v2\/pages\/11339\/revisions"}],"wp:featuredmedia":[{"embeddable":true,"href":"https:\/\/www.paratime.vn\/en\/wp-json\/wp\/v2\/media\/11207"}],"wp:attachment":[{"href":"https:\/\/www.paratime.vn\/en\/wp-json\/wp\/v2\/media?parent=11339"}],"curies":[{"name":"wp","href":"https:\/\/api.w.org\/{rel}","templated":true}]}}